{"id":9127,"date":"2022-01-26T10:25:08","date_gmt":"2022-01-26T07:25:08","guid":{"rendered":"https:\/\/www.aem.com.tr\/?page_id=9127"},"modified":"2023-10-04T08:11:58","modified_gmt":"2023-10-04T05:11:58","slug":"internship","status":"publish","type":"page","link":"https:\/\/www.aem.com.tr\/en\/careers\/internship\/","title":{"rendered":"Internship"},"content":{"rendered":"<section class=\"l-section wpb_row height_custom\"><div class=\"l-section-h i-cf\"><div class=\"g-cols vc_row via_grid cols_1 laptops-cols_inherit tablets-cols_inherit mobiles-cols_1 valign_top type_default stacking_default\"><div class=\"wpb_column vc_column_container\"><div class=\"vc_column-inner\"><div class=\"wpb_text_column\"><div class=\"wpb_wrapper\"><h3><strong>Internship Calendar &#8211; Environmental Engineer Students<\/strong><\/h3>\n<ul>\n<li>January &#8211; February 2023 | Collection of internship applications,<\/li>\n<li>March 2023 | Evaluation and approval of internship candidates,<\/li>\n<li>June &#8211; July 2023 | 1st Internship Period<\/li>\n<li>August &#8211; September 2023 | 2nd Internship Period<\/li>\n<\/ul>\n<\/div><\/div><div class=\"w-separator size_medium with_line width_default thick_1 style_solid color_border align_left with_text with_content\"><div class=\"w-separator-h\"><h4 class=\"w-separator-text\"><i class=\"fas fa-user-plus\"><\/i><span>Internship Announcement<\/span><\/h4><\/div><\/div><div class=\"wpb_text_column\"><div class=\"wpb_wrapper\"><h5 class=\"t-24 t-bold\" style=\"text-align: left;\"><strong>Intern &#8211; Environmental Engineer<\/strong><\/h5>\n<h6 style=\"text-align: left;\"><strong>Job Description:<\/strong><\/h6>\n<p>Laboratory or business interns will be recruited for environmental engineering students. Among the interns, after the compulsory internship, a long-term intern (the opportunity to work in line with the student&#8217;s course program) can be selected. Candidates who do not fill out the Intern Application Form will not be evaluated. As the internship start date, one of the months of June or August 2023 should be selected. Interns will be recruited in 2 groups.<\/p>\n<ul>\n<li>Desired Skills and Specialties:<\/li>\n<li>Responsibility and work ethics,<\/li>\n<li>Prone to teamwork, strong human relations,<\/li>\n<li>Students of environmental engineering departments of universities,<\/li>\n<li>Good command of MS Office programs,<\/li>\n<\/ul>\n<p>The intern application process ended on February 28, 2023. As a result of the interview, 2023 summer interns were determined. We would like to thank all environmental engineering students who showed interest.<\/p>\n<\/div><\/div><div class=\"w-separator size_medium with_line width_default thick_1 style_solid color_border align_left with_text with_content\"><div class=\"w-separator-h\"><h4 class=\"w-separator-text\"><i class=\"fas fa-university\"><\/i><span>2023 Summer Term Internship List<\/span><\/h4><\/div><\/div><div class=\"wpb_text_column\"><div class=\"wpb_wrapper\"><ol>\n<li>Ay\u015fe Ravza Filiz &#8211; Istanbul Technical University<\/li>\n<li>Emir Sahin &#8211; Istanbul University &#8211; Cerrahpasa<\/li>\n<li>Ethem Can \u00d6zek &#8211; Uluda\u011f University<\/li>\n<li>Hilal Arslan &#8211; Istanbul University &#8211; Cerrahpa\u015fa<\/li>\n<li>Ipek Senay Bereli &#8211; Istanbul University &#8211; Cerrahpasa<\/li>\n<li>Melisa G\u00f6k\u00e7e Serim &#8211; Istanbul Technical University<\/li>\n<li>Memduh Duran &#8211; Y\u0131ld\u0131z Technical University<\/li>\n<li>Miray Y\u0131lmaz &#8211; Marmara University<\/li>\n<li>M\u00fcberra Ahsen G\u00f6kta\u015f &#8211; Atat\u00fcrk University<\/li>\n<li>Rabia Derya Yavuz &#8211; Sakarya University<\/li>\n<li>Ramazan Esen &#8211; \u00dcsk\u00fcdar University<\/li>\n<\/ol>\n<\/div><\/div><\/div><\/div><\/div><\/div><\/section>\n","protected":false},"excerpt":{"rendered":"Internship Calendar &#8211; Environmental Engineer Students January &#8211; February 2023 | Collection of internship applications, March 2023 | Evaluation and approval of internship candidates, June &#8211; July 2023 | 1st Internship Period August &#8211; September 2023 | 2nd Internship Period Internship AnnouncementIntern &#8211; Environmental Engineer Job Description: Laboratory or business interns will be recruited for...","protected":false},"author":1,"featured_media":9149,"parent":8773,"menu_order":0,"comment_status":"closed","ping_status":"closed","template":"","meta":{"_acf_changed":false,"footnotes":""},"class_list":["post-9127","page","type-page","status-publish","has-post-thumbnail","hentry"],"acf":[],"yoast_head":"<!-- This site is optimized with the Yoast SEO plugin v25.2 - https:\/\/yoast.com\/wordpress\/plugins\/seo\/ -->\n<title>Internship - AEM Laboratuvar\u0131<\/title>\n<meta name=\"robots\" content=\"index, follow, max-snippet:-1, max-image-preview:large, max-video-preview:-1\" \/>\n<link rel=\"canonical\" href=\"https:\/\/www.aem.com.tr\/en\/careers\/internship\/\" \/>\n<meta property=\"og:locale\" content=\"en_US\" \/>\n<meta property=\"og:type\" content=\"article\" \/>\n<meta property=\"og:title\" content=\"Internship - AEM Laboratuvar\u0131\" \/>\n<meta property=\"og:url\" content=\"https:\/\/www.aem.com.tr\/en\/careers\/internship\/\" \/>\n<meta property=\"og:site_name\" content=\"AEM Laboratory\" \/>\n<meta property=\"article:modified_time\" content=\"2023-10-04T05:11:58+00:00\" \/>\n<meta property=\"og:image\" content=\"https:\/\/www.aem.com.tr\/en\/wp-content\/uploads\/2022\/01\/staj-basvuru-formu.jpg\" \/>\n\t<meta property=\"og:image:width\" content=\"1920\" \/>\n\t<meta property=\"og:image:height\" content=\"1280\" \/>\n\t<meta property=\"og:image:type\" content=\"image\/jpeg\" \/>\n<meta name=\"twitter:card\" content=\"summary_large_image\" \/>\n<meta name=\"twitter:label1\" content=\"Est. reading time\" \/>\n\t<meta name=\"twitter:data1\" content=\"1 minute\" \/>\n<script type=\"application\/ld+json\" class=\"yoast-schema-graph\">{\"@context\":\"https:\/\/schema.org\",\"@graph\":[{\"@type\":\"WebPage\",\"@id\":\"https:\/\/www.aem.com.tr\/en\/careers\/internship\/\",\"url\":\"https:\/\/www.aem.com.tr\/en\/careers\/internship\/\",\"name\":\"Internship - AEM Laboratuvar\u0131\",\"isPartOf\":{\"@id\":\"https:\/\/www.aem.com.tr\/en\/#website\"},\"primaryImageOfPage\":{\"@id\":\"https:\/\/www.aem.com.tr\/en\/careers\/internship\/#primaryimage\"},\"image\":{\"@id\":\"https:\/\/www.aem.com.tr\/en\/careers\/internship\/#primaryimage\"},\"thumbnailUrl\":\"https:\/\/www.aem.com.tr\/en\/wp-content\/uploads\/2022\/01\/staj-basvuru-formu.jpg\",\"datePublished\":\"2022-01-26T07:25:08+00:00\",\"dateModified\":\"2023-10-04T05:11:58+00:00\",\"breadcrumb\":{\"@id\":\"https:\/\/www.aem.com.tr\/en\/careers\/internship\/#breadcrumb\"},\"inLanguage\":\"en-US\",\"potentialAction\":[{\"@type\":\"ReadAction\",\"target\":[\"https:\/\/www.aem.com.tr\/en\/careers\/internship\/\"]}]},{\"@type\":\"ImageObject\",\"inLanguage\":\"en-US\",\"@id\":\"https:\/\/www.aem.com.tr\/en\/careers\/internship\/#primaryimage\",\"url\":\"https:\/\/www.aem.com.tr\/en\/wp-content\/uploads\/2022\/01\/staj-basvuru-formu.jpg\",\"contentUrl\":\"https:\/\/www.aem.com.tr\/en\/wp-content\/uploads\/2022\/01\/staj-basvuru-formu.jpg\",\"width\":1920,\"height\":1280},{\"@type\":\"BreadcrumbList\",\"@id\":\"https:\/\/www.aem.com.tr\/en\/careers\/internship\/#breadcrumb\",\"itemListElement\":[{\"@type\":\"ListItem\",\"position\":1,\"name\":\"Home\",\"item\":\"https:\/\/www.aem.com.tr\/en\/\"},{\"@type\":\"ListItem\",\"position\":2,\"name\":\"Careers\",\"item\":\"https:\/\/www.aem.com.tr\/en\/careers\/\"},{\"@type\":\"ListItem\",\"position\":3,\"name\":\"Internship\"}]},{\"@type\":\"WebSite\",\"@id\":\"https:\/\/www.aem.com.tr\/en\/#website\",\"url\":\"https:\/\/www.aem.com.tr\/en\/\",\"name\":\"AEM Laboratory\",\"description\":\"\",\"publisher\":{\"@id\":\"https:\/\/www.aem.com.tr\/en\/#organization\"},\"potentialAction\":[{\"@type\":\"SearchAction\",\"target\":{\"@type\":\"EntryPoint\",\"urlTemplate\":\"https:\/\/www.aem.com.tr\/en\/?s={search_term_string}\"},\"query-input\":{\"@type\":\"PropertyValueSpecification\",\"valueRequired\":true,\"valueName\":\"search_term_string\"}}],\"inLanguage\":\"en-US\"},{\"@type\":\"Organization\",\"@id\":\"https:\/\/www.aem.com.tr\/en\/#organization\",\"name\":\"AEM Laboratory\",\"url\":\"https:\/\/www.aem.com.tr\/en\/\",\"logo\":{\"@type\":\"ImageObject\",\"inLanguage\":\"en-US\",\"@id\":\"https:\/\/www.aem.com.tr\/en\/#\/schema\/logo\/image\/\",\"url\":\"https:\/\/www.aem.com.tr\/en\/wp-content\/uploads\/2023\/10\/placeholder.webp\",\"contentUrl\":\"https:\/\/www.aem.com.tr\/en\/wp-content\/uploads\/2023\/10\/placeholder.webp\",\"width\":1200,\"height\":900,\"caption\":\"AEM Laboratory\"},\"image\":{\"@id\":\"https:\/\/www.aem.com.tr\/en\/#\/schema\/logo\/image\/\"}}]}<\/script>\n<!-- \/ Yoast SEO plugin. -->","yoast_head_json":{"title":"Internship - AEM Laboratuvar\u0131","robots":{"index":"index","follow":"follow","max-snippet":"max-snippet:-1","max-image-preview":"max-image-preview:large","max-video-preview":"max-video-preview:-1"},"canonical":"https:\/\/www.aem.com.tr\/en\/careers\/internship\/","og_locale":"en_US","og_type":"article","og_title":"Internship - AEM Laboratuvar\u0131","og_url":"https:\/\/www.aem.com.tr\/en\/careers\/internship\/","og_site_name":"AEM Laboratory","article_modified_time":"2023-10-04T05:11:58+00:00","og_image":[{"width":1920,"height":1280,"url":"https:\/\/www.aem.com.tr\/en\/wp-content\/uploads\/2022\/01\/staj-basvuru-formu.jpg","type":"image\/jpeg"}],"twitter_card":"summary_large_image","twitter_misc":{"Est. reading time":"1 minute"},"schema":{"@context":"https:\/\/schema.org","@graph":[{"@type":"WebPage","@id":"https:\/\/www.aem.com.tr\/en\/careers\/internship\/","url":"https:\/\/www.aem.com.tr\/en\/careers\/internship\/","name":"Internship - AEM Laboratuvar\u0131","isPartOf":{"@id":"https:\/\/www.aem.com.tr\/en\/#website"},"primaryImageOfPage":{"@id":"https:\/\/www.aem.com.tr\/en\/careers\/internship\/#primaryimage"},"image":{"@id":"https:\/\/www.aem.com.tr\/en\/careers\/internship\/#primaryimage"},"thumbnailUrl":"https:\/\/www.aem.com.tr\/en\/wp-content\/uploads\/2022\/01\/staj-basvuru-formu.jpg","datePublished":"2022-01-26T07:25:08+00:00","dateModified":"2023-10-04T05:11:58+00:00","breadcrumb":{"@id":"https:\/\/www.aem.com.tr\/en\/careers\/internship\/#breadcrumb"},"inLanguage":"en-US","potentialAction":[{"@type":"ReadAction","target":["https:\/\/www.aem.com.tr\/en\/careers\/internship\/"]}]},{"@type":"ImageObject","inLanguage":"en-US","@id":"https:\/\/www.aem.com.tr\/en\/careers\/internship\/#primaryimage","url":"https:\/\/www.aem.com.tr\/en\/wp-content\/uploads\/2022\/01\/staj-basvuru-formu.jpg","contentUrl":"https:\/\/www.aem.com.tr\/en\/wp-content\/uploads\/2022\/01\/staj-basvuru-formu.jpg","width":1920,"height":1280},{"@type":"BreadcrumbList","@id":"https:\/\/www.aem.com.tr\/en\/careers\/internship\/#breadcrumb","itemListElement":[{"@type":"ListItem","position":1,"name":"Home","item":"https:\/\/www.aem.com.tr\/en\/"},{"@type":"ListItem","position":2,"name":"Careers","item":"https:\/\/www.aem.com.tr\/en\/careers\/"},{"@type":"ListItem","position":3,"name":"Internship"}]},{"@type":"WebSite","@id":"https:\/\/www.aem.com.tr\/en\/#website","url":"https:\/\/www.aem.com.tr\/en\/","name":"AEM Laboratory","description":"","publisher":{"@id":"https:\/\/www.aem.com.tr\/en\/#organization"},"potentialAction":[{"@type":"SearchAction","target":{"@type":"EntryPoint","urlTemplate":"https:\/\/www.aem.com.tr\/en\/?s={search_term_string}"},"query-input":{"@type":"PropertyValueSpecification","valueRequired":true,"valueName":"search_term_string"}}],"inLanguage":"en-US"},{"@type":"Organization","@id":"https:\/\/www.aem.com.tr\/en\/#organization","name":"AEM Laboratory","url":"https:\/\/www.aem.com.tr\/en\/","logo":{"@type":"ImageObject","inLanguage":"en-US","@id":"https:\/\/www.aem.com.tr\/en\/#\/schema\/logo\/image\/","url":"https:\/\/www.aem.com.tr\/en\/wp-content\/uploads\/2023\/10\/placeholder.webp","contentUrl":"https:\/\/www.aem.com.tr\/en\/wp-content\/uploads\/2023\/10\/placeholder.webp","width":1200,"height":900,"caption":"AEM Laboratory"},"image":{"@id":"https:\/\/www.aem.com.tr\/en\/#\/schema\/logo\/image\/"}}]}},"_links":{"self":[{"href":"https:\/\/www.aem.com.tr\/en\/wp-json\/wp\/v2\/pages\/9127","targetHints":{"allow":["GET"]}}],"collection":[{"href":"https:\/\/www.aem.com.tr\/en\/wp-json\/wp\/v2\/pages"}],"about":[{"href":"https:\/\/www.aem.com.tr\/en\/wp-json\/wp\/v2\/types\/page"}],"author":[{"embeddable":true,"href":"https:\/\/www.aem.com.tr\/en\/wp-json\/wp\/v2\/users\/1"}],"replies":[{"embeddable":true,"href":"https:\/\/www.aem.com.tr\/en\/wp-json\/wp\/v2\/comments?post=9127"}],"version-history":[{"count":3,"href":"https:\/\/www.aem.com.tr\/en\/wp-json\/wp\/v2\/pages\/9127\/revisions"}],"predecessor-version":[{"id":10256,"href":"https:\/\/www.aem.com.tr\/en\/wp-json\/wp\/v2\/pages\/9127\/revisions\/10256"}],"up":[{"embeddable":true,"href":"https:\/\/www.aem.com.tr\/en\/wp-json\/wp\/v2\/pages\/8773"}],"wp:featuredmedia":[{"embeddable":true,"href":"https:\/\/www.aem.com.tr\/en\/wp-json\/wp\/v2\/media\/9149"}],"wp:attachment":[{"href":"https:\/\/www.aem.com.tr\/en\/wp-json\/wp\/v2\/media?parent=9127"}],"curies":[{"name":"wp","href":"https:\/\/api.w.org\/{rel}","templated":true}]}}