{"id":9053,"date":"2021-12-15T13:59:50","date_gmt":"2021-12-15T10:59:50","guid":{"rendered":"https:\/\/www.aem.com.tr\/?page_id=9053"},"modified":"2024-01-03T15:05:47","modified_gmt":"2024-01-03T12:05:47","slug":"ballast-water-analysis","status":"publish","type":"page","link":"https:\/\/www.aem.com.tr\/en\/services\/environmental-laboratory\/ballast-water-analysis\/","title":{"rendered":"Ballast Water Analysis"},"content":{"rendered":"<section class=\"l-section wpb_row height_custom\"><div class=\"l-section-h i-cf\"><div class=\"g-cols vc_row via_grid cols_1 laptops-cols_inherit tablets-cols_inherit mobiles-cols_1 valign_top type_default stacking_default\"><div class=\"wpb_column vc_column_container\"><div class=\"vc_column-inner\"><div class=\"g-cols wpb_row via_grid cols_2 laptops-cols_inherit tablets-cols_inherit mobiles-cols_1 valign_top type_default stacking_default\" style=\"--gap:3rem;\"><div class=\"wpb_column vc_column_container\"><div class=\"vc_column-inner\"><div class=\"wpb_text_column\"><div class=\"wpb_wrapper\"><p>Ballast water analysis is a type of analysis performed to control samples taken from ballast water treatment systems. In line with IMO (International Maritime Organization) and USCG (United States Coast Guard) ballast water conventions, ballast water analysis is required for commissioning and control purposes.<\/p>\n<p>Ballast water is formed by drawing seawater into tanks in certain parts of the ship to keep ships in balance, to increase navigational efficiency. The amount of ballast water varies according to the load condition. Empty ships need more ballast water, as the ship load increases, the ballast water decreases. In such cases, the ballast water taken is released back into the sea or vice versa. Ballast water operation, which is carried out uncontrolled by geographical changes, creates inconvenience in terms of ecology and environment. The living ecosystem of one region can move to another region, and invasive species can disrupt the existing ecosystem.<\/p>\n<\/div><\/div><\/div><\/div><div class=\"wpb_column vc_column_container\"><div class=\"vc_column-inner\"><div class=\"w-image style_shadow-1 align_center meta_simple\"><div class=\"w-image-h\"><img decoding=\"async\" width=\"604\" height=\"428\" src=\"https:\/\/www.aem.com.tr\/en\/wp-content\/uploads\/2022\/10\/Balast-Suyu-Analizi.jpg\" class=\"attachment-full size-full\" alt=\"\" loading=\"lazy\" srcset=\"https:\/\/www.aem.com.tr\/en\/wp-content\/uploads\/2022\/10\/Balast-Suyu-Analizi.jpg 604w, https:\/\/www.aem.com.tr\/en\/wp-content\/uploads\/2022\/10\/Balast-Suyu-Analizi-300x213.jpg 300w\" sizes=\"auto, (max-width: 604px) 100vw, 604px\" \/><\/div><div class=\"w-image-meta\"><div class=\"w-image-title\">(IMO\u2019nun MEPC.325(75)\u2019te ald\u0131\u011f\u0131 kararla bu tarih 1 Haziran 2022\u2019ye \u00e7ekilmi\u015ftir.)<\/div><\/div><\/div><\/div><\/div><\/div><div class=\"w-separator size_small\"><\/div><div class=\"wpb_text_column\"><div class=\"wpb_wrapper\"><p>(With the decision of IMO in MEPC.325(75), this date has been moved to 1 June 2022.)<\/p>\n<p>For new building projects, shipyards, shipowners and operators should be aware that if delivery of the vessel is on or after 1 June 2022, then commissioning testing needs to be completed fully in accordance with BWM.2\/Circ.70\/Rev.1, even if the system has been partially installed and\/or commissioned before 1 June 2022. The same also applies for existing ships where the BWTS (Ballast Water Treatment System) installation survey is due to be completed on or after 1 June 2022.<\/p>\n<p>From 1 June 2022, amendments to the BWM Convention, regulation E-1, come into force, published in IMO Resolution MEPC.325(75). These amendments mandate the commissioning testing of BWTS during initial surveys for new construction projects and during BWTS installation surveys on existing ships (i.e. what the Convention calls additional surveys).<\/p>\n<table>\n<tbody>\n<tr>\n<td width=\"264\">Size class<\/td>\n<td width=\"321\">Criteria<\/td>\n<\/tr>\n<tr>\n<td width=\"264\">\u2265 50 \u03bcm<\/td>\n<td width=\"321\">Viable organisms less than 10 per m<sup>3<\/sup><\/td>\n<\/tr>\n<tr>\n<td width=\"264\">\u2265 50 \u03bcm &lt; 50 \u03bcm<\/td>\n<td width=\"321\">Viable organisms less than 10 per milliliter (ml)<\/td>\n<\/tr>\n<\/tbody>\n<\/table>\n<p>When BWTS evaluations are made, microorganisms of different sizes are examined with ballast water analysis in the water in the system. These are generally phytoplankton greater than 10 \u03bcm and less than &lt;50 \u03bcm, or equal to or greater than 50\u2264 \u03bcm.<\/p>\n<\/div><\/div><div class=\"g-cols wpb_row via_grid cols_2 laptops-cols_inherit tablets-cols_inherit mobiles-cols_1 valign_top type_default stacking_default\" style=\"--gap:3rem;\"><div class=\"wpb_column vc_column_container\"><div class=\"vc_column-inner\"><div class=\"w-image style_shadow-1 align_center\"><div class=\"w-image-h\"><img decoding=\"async\" width=\"636\" height=\"461\" src=\"https:\/\/www.aem.com.tr\/en\/wp-content\/uploads\/2022\/10\/Balast-Suyu-Analizi2.jpg.png\" class=\"attachment-full size-full\" alt=\"\" loading=\"lazy\" srcset=\"https:\/\/www.aem.com.tr\/en\/wp-content\/uploads\/2022\/10\/Balast-Suyu-Analizi2.jpg.png 636w, https:\/\/www.aem.com.tr\/en\/wp-content\/uploads\/2022\/10\/Balast-Suyu-Analizi2.jpg-300x217.png 300w\" sizes=\"auto, (max-width: 636px) 100vw, 636px\" \/><\/div><\/div><\/div><\/div><div class=\"wpb_column vc_column_container\"><div class=\"vc_column-inner\"><div class=\"wpb_text_column\"><div class=\"wpb_wrapper\"><p>AEM Laboratory; with its expert staff, technical facilities and quality service, it is an accredited organization from TURKAK (Turkish Accreditation Agency) and approved\u00a0 from classification societies, which has international validity in ballast water analysis. It serves throughout Turkey and World in ballast water analysis. Thanks to the infrastructure in our laboratory, we get faster and more accurate results in ballast water analysis. With our latest and fastest instruments, we save you from long waiting times when taking samples and performing analysis.<\/p>\n<p>The analyzes we make with our internationally recognized <a href=\"https:\/\/microwise.eu\" target=\"_blank\" rel=\"noopener\">BallastWise<\/a> device offer both faster and more technological solutions. BallastWise allows for quick analysis when taking samples on board.<\/p>\n<\/div><\/div><div class=\"w-separator size_small\"><\/div><div class=\"w-btn-wrapper align_none\"><a class=\"w-btn us-btn-style_1\" target=\"_blank\" rel=\"nofollow\" href=\"https:\/\/www.aem.com.tr\/en\/d2-commissioning-testing\/\"><span class=\"w-btn-label\">Book your D2 Commissioning Test now!<\/span><\/a><\/div><div class=\"w-separator size_small\"><\/div><div class=\"wpb_text_column\"><div class=\"wpb_wrapper\"><p>Click for certification: <a href=\"https:\/\/www.aem.com.tr\/en\/documents\/\">Certifications <\/a><\/p>\n<\/div><\/div><\/div><\/div><\/div><\/div><\/div><\/div><\/div><\/section>\n","protected":false},"excerpt":{"rendered":"Ballast water analysis is a type of analysis performed to control samples taken from ballast water treatment systems. In line with IMO (International Maritime Organization) and USCG (United States Coast Guard) ballast water conventions, ballast water analysis is required for commissioning and control purposes. Ballast water is formed by drawing seawater into tanks in certain...","protected":false},"author":1,"featured_media":9054,"parent":7881,"menu_order":0,"comment_status":"closed","ping_status":"closed","template":"","meta":{"_acf_changed":false,"footnotes":""},"class_list":["post-9053","page","type-page","status-publish","has-post-thumbnail","hentry"],"acf":[],"yoast_head":"<!-- This site is optimized with the Yoast SEO plugin v25.2 - https:\/\/yoast.com\/wordpress\/plugins\/seo\/ -->\n<title>Ballast Water Analysis - AEM Laboratuvar\u0131<\/title>\n<meta name=\"robots\" content=\"index, follow, max-snippet:-1, max-image-preview:large, max-video-preview:-1\" \/>\n<link rel=\"canonical\" href=\"https:\/\/www.aem.com.tr\/en\/services\/environmental-laboratory\/ballast-water-analysis\/\" \/>\n<meta property=\"og:locale\" content=\"en_US\" \/>\n<meta property=\"og:type\" content=\"article\" \/>\n<meta property=\"og:title\" content=\"Ballast Water Analysis - AEM Laboratuvar\u0131\" \/>\n<meta property=\"og:url\" content=\"https:\/\/www.aem.com.tr\/en\/services\/environmental-laboratory\/ballast-water-analysis\/\" \/>\n<meta property=\"og:site_name\" content=\"AEM Laboratory\" \/>\n<meta property=\"article:modified_time\" content=\"2024-01-03T12:05:47+00:00\" \/>\n<meta property=\"og:image\" content=\"https:\/\/www.aem.com.tr\/en\/wp-content\/uploads\/2021\/12\/Balast-Suyu-Analizi-2.jpg\" \/>\n\t<meta property=\"og:image:width\" content=\"1153\" \/>\n\t<meta property=\"og:image:height\" content=\"768\" \/>\n\t<meta property=\"og:image:type\" content=\"image\/jpeg\" \/>\n<meta name=\"twitter:card\" content=\"summary_large_image\" \/>\n<meta name=\"twitter:label1\" content=\"Est. reading time\" \/>\n\t<meta name=\"twitter:data1\" content=\"2 minutes\" \/>\n<script type=\"application\/ld+json\" class=\"yoast-schema-graph\">{\"@context\":\"https:\/\/schema.org\",\"@graph\":[{\"@type\":\"WebPage\",\"@id\":\"https:\/\/www.aem.com.tr\/en\/services\/environmental-laboratory\/ballast-water-analysis\/\",\"url\":\"https:\/\/www.aem.com.tr\/en\/services\/environmental-laboratory\/ballast-water-analysis\/\",\"name\":\"Ballast Water Analysis - AEM Laboratuvar\u0131\",\"isPartOf\":{\"@id\":\"https:\/\/www.aem.com.tr\/en\/#website\"},\"primaryImageOfPage\":{\"@id\":\"https:\/\/www.aem.com.tr\/en\/services\/environmental-laboratory\/ballast-water-analysis\/#primaryimage\"},\"image\":{\"@id\":\"https:\/\/www.aem.com.tr\/en\/services\/environmental-laboratory\/ballast-water-analysis\/#primaryimage\"},\"thumbnailUrl\":\"https:\/\/www.aem.com.tr\/en\/wp-content\/uploads\/2021\/12\/Balast-Suyu-Analizi-2.jpg\",\"datePublished\":\"2021-12-15T10:59:50+00:00\",\"dateModified\":\"2024-01-03T12:05:47+00:00\",\"breadcrumb\":{\"@id\":\"https:\/\/www.aem.com.tr\/en\/services\/environmental-laboratory\/ballast-water-analysis\/#breadcrumb\"},\"inLanguage\":\"en-US\",\"potentialAction\":[{\"@type\":\"ReadAction\",\"target\":[\"https:\/\/www.aem.com.tr\/en\/services\/environmental-laboratory\/ballast-water-analysis\/\"]}]},{\"@type\":\"ImageObject\",\"inLanguage\":\"en-US\",\"@id\":\"https:\/\/www.aem.com.tr\/en\/services\/environmental-laboratory\/ballast-water-analysis\/#primaryimage\",\"url\":\"https:\/\/www.aem.com.tr\/en\/wp-content\/uploads\/2021\/12\/Balast-Suyu-Analizi-2.jpg\",\"contentUrl\":\"https:\/\/www.aem.com.tr\/en\/wp-content\/uploads\/2021\/12\/Balast-Suyu-Analizi-2.jpg\",\"width\":1153,\"height\":768,\"caption\":\"Balast Suyu Analizi\"},{\"@type\":\"BreadcrumbList\",\"@id\":\"https:\/\/www.aem.com.tr\/en\/services\/environmental-laboratory\/ballast-water-analysis\/#breadcrumb\",\"itemListElement\":[{\"@type\":\"ListItem\",\"position\":1,\"name\":\"Home\",\"item\":\"https:\/\/www.aem.com.tr\/en\/\"},{\"@type\":\"ListItem\",\"position\":2,\"name\":\"Services\",\"item\":\"https:\/\/www.aem.com.tr\/en\/services\/\"},{\"@type\":\"ListItem\",\"position\":3,\"name\":\"Environmental Laboratory\",\"item\":\"https:\/\/www.aem.com.tr\/en\/services\/environmental-laboratory\/\"},{\"@type\":\"ListItem\",\"position\":4,\"name\":\"Ballast Water Analysis\"}]},{\"@type\":\"WebSite\",\"@id\":\"https:\/\/www.aem.com.tr\/en\/#website\",\"url\":\"https:\/\/www.aem.com.tr\/en\/\",\"name\":\"AEM Laboratory\",\"description\":\"\",\"publisher\":{\"@id\":\"https:\/\/www.aem.com.tr\/en\/#organization\"},\"potentialAction\":[{\"@type\":\"SearchAction\",\"target\":{\"@type\":\"EntryPoint\",\"urlTemplate\":\"https:\/\/www.aem.com.tr\/en\/?s={search_term_string}\"},\"query-input\":{\"@type\":\"PropertyValueSpecification\",\"valueRequired\":true,\"valueName\":\"search_term_string\"}}],\"inLanguage\":\"en-US\"},{\"@type\":\"Organization\",\"@id\":\"https:\/\/www.aem.com.tr\/en\/#organization\",\"name\":\"AEM Laboratory\",\"url\":\"https:\/\/www.aem.com.tr\/en\/\",\"logo\":{\"@type\":\"ImageObject\",\"inLanguage\":\"en-US\",\"@id\":\"https:\/\/www.aem.com.tr\/en\/#\/schema\/logo\/image\/\",\"url\":\"https:\/\/www.aem.com.tr\/en\/wp-content\/uploads\/2023\/10\/placeholder.webp\",\"contentUrl\":\"https:\/\/www.aem.com.tr\/en\/wp-content\/uploads\/2023\/10\/placeholder.webp\",\"width\":1200,\"height\":900,\"caption\":\"AEM Laboratory\"},\"image\":{\"@id\":\"https:\/\/www.aem.com.tr\/en\/#\/schema\/logo\/image\/\"}}]}<\/script>\n<!-- \/ Yoast SEO plugin. -->","yoast_head_json":{"title":"Ballast Water Analysis - AEM Laboratuvar\u0131","robots":{"index":"index","follow":"follow","max-snippet":"max-snippet:-1","max-image-preview":"max-image-preview:large","max-video-preview":"max-video-preview:-1"},"canonical":"https:\/\/www.aem.com.tr\/en\/services\/environmental-laboratory\/ballast-water-analysis\/","og_locale":"en_US","og_type":"article","og_title":"Ballast Water Analysis - AEM Laboratuvar\u0131","og_url":"https:\/\/www.aem.com.tr\/en\/services\/environmental-laboratory\/ballast-water-analysis\/","og_site_name":"AEM Laboratory","article_modified_time":"2024-01-03T12:05:47+00:00","og_image":[{"width":1153,"height":768,"url":"https:\/\/www.aem.com.tr\/en\/wp-content\/uploads\/2021\/12\/Balast-Suyu-Analizi-2.jpg","type":"image\/jpeg"}],"twitter_card":"summary_large_image","twitter_misc":{"Est. reading time":"2 minutes"},"schema":{"@context":"https:\/\/schema.org","@graph":[{"@type":"WebPage","@id":"https:\/\/www.aem.com.tr\/en\/services\/environmental-laboratory\/ballast-water-analysis\/","url":"https:\/\/www.aem.com.tr\/en\/services\/environmental-laboratory\/ballast-water-analysis\/","name":"Ballast Water Analysis - AEM Laboratuvar\u0131","isPartOf":{"@id":"https:\/\/www.aem.com.tr\/en\/#website"},"primaryImageOfPage":{"@id":"https:\/\/www.aem.com.tr\/en\/services\/environmental-laboratory\/ballast-water-analysis\/#primaryimage"},"image":{"@id":"https:\/\/www.aem.com.tr\/en\/services\/environmental-laboratory\/ballast-water-analysis\/#primaryimage"},"thumbnailUrl":"https:\/\/www.aem.com.tr\/en\/wp-content\/uploads\/2021\/12\/Balast-Suyu-Analizi-2.jpg","datePublished":"2021-12-15T10:59:50+00:00","dateModified":"2024-01-03T12:05:47+00:00","breadcrumb":{"@id":"https:\/\/www.aem.com.tr\/en\/services\/environmental-laboratory\/ballast-water-analysis\/#breadcrumb"},"inLanguage":"en-US","potentialAction":[{"@type":"ReadAction","target":["https:\/\/www.aem.com.tr\/en\/services\/environmental-laboratory\/ballast-water-analysis\/"]}]},{"@type":"ImageObject","inLanguage":"en-US","@id":"https:\/\/www.aem.com.tr\/en\/services\/environmental-laboratory\/ballast-water-analysis\/#primaryimage","url":"https:\/\/www.aem.com.tr\/en\/wp-content\/uploads\/2021\/12\/Balast-Suyu-Analizi-2.jpg","contentUrl":"https:\/\/www.aem.com.tr\/en\/wp-content\/uploads\/2021\/12\/Balast-Suyu-Analizi-2.jpg","width":1153,"height":768,"caption":"Balast Suyu Analizi"},{"@type":"BreadcrumbList","@id":"https:\/\/www.aem.com.tr\/en\/services\/environmental-laboratory\/ballast-water-analysis\/#breadcrumb","itemListElement":[{"@type":"ListItem","position":1,"name":"Home","item":"https:\/\/www.aem.com.tr\/en\/"},{"@type":"ListItem","position":2,"name":"Services","item":"https:\/\/www.aem.com.tr\/en\/services\/"},{"@type":"ListItem","position":3,"name":"Environmental Laboratory","item":"https:\/\/www.aem.com.tr\/en\/services\/environmental-laboratory\/"},{"@type":"ListItem","position":4,"name":"Ballast Water Analysis"}]},{"@type":"WebSite","@id":"https:\/\/www.aem.com.tr\/en\/#website","url":"https:\/\/www.aem.com.tr\/en\/","name":"AEM Laboratory","description":"","publisher":{"@id":"https:\/\/www.aem.com.tr\/en\/#organization"},"potentialAction":[{"@type":"SearchAction","target":{"@type":"EntryPoint","urlTemplate":"https:\/\/www.aem.com.tr\/en\/?s={search_term_string}"},"query-input":{"@type":"PropertyValueSpecification","valueRequired":true,"valueName":"search_term_string"}}],"inLanguage":"en-US"},{"@type":"Organization","@id":"https:\/\/www.aem.com.tr\/en\/#organization","name":"AEM Laboratory","url":"https:\/\/www.aem.com.tr\/en\/","logo":{"@type":"ImageObject","inLanguage":"en-US","@id":"https:\/\/www.aem.com.tr\/en\/#\/schema\/logo\/image\/","url":"https:\/\/www.aem.com.tr\/en\/wp-content\/uploads\/2023\/10\/placeholder.webp","contentUrl":"https:\/\/www.aem.com.tr\/en\/wp-content\/uploads\/2023\/10\/placeholder.webp","width":1200,"height":900,"caption":"AEM Laboratory"},"image":{"@id":"https:\/\/www.aem.com.tr\/en\/#\/schema\/logo\/image\/"}}]}},"_links":{"self":[{"href":"https:\/\/www.aem.com.tr\/en\/wp-json\/wp\/v2\/pages\/9053","targetHints":{"allow":["GET"]}}],"collection":[{"href":"https:\/\/www.aem.com.tr\/en\/wp-json\/wp\/v2\/pages"}],"about":[{"href":"https:\/\/www.aem.com.tr\/en\/wp-json\/wp\/v2\/types\/page"}],"author":[{"embeddable":true,"href":"https:\/\/www.aem.com.tr\/en\/wp-json\/wp\/v2\/users\/1"}],"replies":[{"embeddable":true,"href":"https:\/\/www.aem.com.tr\/en\/wp-json\/wp\/v2\/comments?post=9053"}],"version-history":[{"count":5,"href":"https:\/\/www.aem.com.tr\/en\/wp-json\/wp\/v2\/pages\/9053\/revisions"}],"predecessor-version":[{"id":10338,"href":"https:\/\/www.aem.com.tr\/en\/wp-json\/wp\/v2\/pages\/9053\/revisions\/10338"}],"up":[{"embeddable":true,"href":"https:\/\/www.aem.com.tr\/en\/wp-json\/wp\/v2\/pages\/7881"}],"wp:featuredmedia":[{"embeddable":true,"href":"https:\/\/www.aem.com.tr\/en\/wp-json\/wp\/v2\/media\/9054"}],"wp:attachment":[{"href":"https:\/\/www.aem.com.tr\/en\/wp-json\/wp\/v2\/media?parent=9053"}],"curies":[{"name":"wp","href":"https:\/\/api.w.org\/{rel}","templated":true}]}}