{"id":7939,"date":"2021-07-28T17:04:51","date_gmt":"2021-07-28T14:04:51","guid":{"rendered":"https:\/\/www.aem.com.tr\/?page_id=7939"},"modified":"2024-01-03T13:52:34","modified_gmt":"2024-01-03T10:52:34","slug":"occupational-hygiene-measurements","status":"publish","type":"page","link":"https:\/\/www.aem.com.tr\/en\/services\/ohs-laboratory\/occupational-hygiene-measurements\/","title":{"rendered":"Occupational Hygiene Measurements"},"content":{"rendered":"<section class=\"l-section wpb_row height_custom\"><div class=\"l-section-h i-cf\"><div class=\"g-cols vc_row via_grid cols_1 laptops-cols_inherit tablets-cols_inherit mobiles-cols_1 valign_top type_default stacking_default\"><div class=\"wpb_column vc_column_container\"><div class=\"vc_column-inner\"><div class=\"g-cols wpb_row via_grid cols_2-1 laptops-cols_inherit tablets-cols_inherit mobiles-cols_1 valign_top type_default stacking_default\" style=\"--gap:3rem;\"><div class=\"wpb_column vc_column_container\"><div class=\"vc_column-inner\"><div class=\"wpb_text_column\"><div class=\"wpb_wrapper\"><p>Occupational hygiene measurement is a laboratory study called work environment measurement or occupational health and safety measurement. It is a test, measurement and analysis service performed in the form of point or personal exposure in workplace areas.<\/p>\n<p>During the risk analysis, in line with the request of the occupational safety specialist and workplace physician, the occupational hygiene tests, measurements and analyzes required to be carried out in the enterprise are determined. After the risk analysis, it is determined at how many points, how many people and which measurement parameters will be performed with the discovery made at the workplace. Exploration and determination can be carried out by the occupational safety specialist and workplace physician, as well as by laboratories authorized in the field of occupational hygiene. The Presidency of the Occupational Health and Safety Research and Development Institute (\u0130SG\u00dcM) requires authorized laboratory discovery to determine the need for occupational hygiene measurement, testing and analysis.<\/p>\n<\/div><\/div><\/div><\/div><div class=\"wpb_column vc_column_container\"><div class=\"vc_column-inner\"><div class=\"w-image align_none\"><div class=\"w-image-h\"><img decoding=\"async\" width=\"2000\" height=\"1334\" src=\"https:\/\/www.aem.com.tr\/en\/wp-content\/uploads\/2021\/07\/is-hijyeni-olcumleri.jpg\" class=\"attachment-full size-full\" alt=\"\u0130\u015f Hijyeni \u00d6l\u00e7\u00fcmleri\" loading=\"lazy\" srcset=\"https:\/\/www.aem.com.tr\/en\/wp-content\/uploads\/2021\/07\/is-hijyeni-olcumleri.jpg 2000w, https:\/\/www.aem.com.tr\/en\/wp-content\/uploads\/2021\/07\/is-hijyeni-olcumleri-300x200.jpg 300w, https:\/\/www.aem.com.tr\/en\/wp-content\/uploads\/2021\/07\/is-hijyeni-olcumleri-1024x683.jpg 1024w\" sizes=\"auto, (max-width: 2000px) 100vw, 2000px\" \/><\/div><\/div><\/div><\/div><\/div><div class=\"w-separator size_small\"><\/div><div class=\"wpb_text_column\"><div class=\"wpb_wrapper\"><p>The personal protective equipment (PPE) that employees should use is determined by the occupational safety specialist and workplace physician with the data obtained from occupational hygiene measurements, tests and analyzes. It is aimed to prevent chronic occupational diseases and sudden hazards with the use of PPE.<\/p>\n<p>Occupational hygiene measurements are renewed upon the request of the workplace physician or occupational safety specialist.<\/p>\n<p>The reports of laboratories authorized by the Ministry of Labor and Social Security are valid for occupational hygiene measurements. The reports of laboratories that only have an accreditation certificate are not valid. AEM Laboratory is an institution authorized by the Ministry of Labor and Social Security and accredited by T\u00fcrkak for occupational hygiene measurement with its expert staff, technical facilities and quality service.<\/p>\n<\/div><\/div><\/div><\/div><\/div><\/div><\/section>\n","protected":false},"excerpt":{"rendered":"Occupational hygiene measurement is a laboratory study called work environment measurement or occupational health and safety measurement. It is a test, measurement and analysis service performed in the form of point or personal exposure in workplace areas. During the risk analysis, in line with the request of the occupational safety specialist and workplace physician, the...","protected":false},"author":1,"featured_media":8262,"parent":7884,"menu_order":0,"comment_status":"closed","ping_status":"closed","template":"","meta":{"_acf_changed":false,"footnotes":""},"class_list":["post-7939","page","type-page","status-publish","has-post-thumbnail","hentry"],"acf":[],"yoast_head":"<!-- This site is optimized with the Yoast SEO plugin v25.2 - https:\/\/yoast.com\/wordpress\/plugins\/seo\/ -->\n<title>Occupational Hygiene Measurements - AEM Laboratuvar\u0131<\/title>\n<meta name=\"robots\" content=\"index, follow, max-snippet:-1, max-image-preview:large, max-video-preview:-1\" \/>\n<link rel=\"canonical\" href=\"https:\/\/www.aem.com.tr\/en\/services\/ohs-laboratory\/occupational-hygiene-measurements\/\" \/>\n<meta property=\"og:locale\" content=\"en_US\" \/>\n<meta property=\"og:type\" content=\"article\" \/>\n<meta property=\"og:title\" content=\"Occupational Hygiene Measurements - AEM Laboratuvar\u0131\" \/>\n<meta property=\"og:url\" content=\"https:\/\/www.aem.com.tr\/en\/services\/ohs-laboratory\/occupational-hygiene-measurements\/\" \/>\n<meta property=\"og:site_name\" content=\"AEM Laboratory\" \/>\n<meta property=\"article:modified_time\" content=\"2024-01-03T10:52:34+00:00\" \/>\n<meta property=\"og:image\" content=\"https:\/\/www.aem.com.tr\/en\/wp-content\/uploads\/2021\/07\/is-hijyeni-olcumleri-2.jpg\" \/>\n\t<meta property=\"og:image:width\" content=\"2000\" \/>\n\t<meta property=\"og:image:height\" content=\"1334\" \/>\n\t<meta property=\"og:image:type\" content=\"image\/jpeg\" \/>\n<meta name=\"twitter:card\" content=\"summary_large_image\" \/>\n<meta name=\"twitter:label1\" content=\"Est. reading time\" \/>\n\t<meta name=\"twitter:data1\" content=\"2 minutes\" \/>\n<script type=\"application\/ld+json\" class=\"yoast-schema-graph\">{\"@context\":\"https:\/\/schema.org\",\"@graph\":[{\"@type\":\"WebPage\",\"@id\":\"https:\/\/www.aem.com.tr\/en\/services\/ohs-laboratory\/occupational-hygiene-measurements\/\",\"url\":\"https:\/\/www.aem.com.tr\/en\/services\/ohs-laboratory\/occupational-hygiene-measurements\/\",\"name\":\"Occupational Hygiene Measurements - AEM Laboratuvar\u0131\",\"isPartOf\":{\"@id\":\"https:\/\/www.aem.com.tr\/en\/#website\"},\"primaryImageOfPage\":{\"@id\":\"https:\/\/www.aem.com.tr\/en\/services\/ohs-laboratory\/occupational-hygiene-measurements\/#primaryimage\"},\"image\":{\"@id\":\"https:\/\/www.aem.com.tr\/en\/services\/ohs-laboratory\/occupational-hygiene-measurements\/#primaryimage\"},\"thumbnailUrl\":\"https:\/\/www.aem.com.tr\/en\/wp-content\/uploads\/2021\/07\/is-hijyeni-olcumleri-2.jpg\",\"datePublished\":\"2021-07-28T14:04:51+00:00\",\"dateModified\":\"2024-01-03T10:52:34+00:00\",\"breadcrumb\":{\"@id\":\"https:\/\/www.aem.com.tr\/en\/services\/ohs-laboratory\/occupational-hygiene-measurements\/#breadcrumb\"},\"inLanguage\":\"en-US\",\"potentialAction\":[{\"@type\":\"ReadAction\",\"target\":[\"https:\/\/www.aem.com.tr\/en\/services\/ohs-laboratory\/occupational-hygiene-measurements\/\"]}]},{\"@type\":\"ImageObject\",\"inLanguage\":\"en-US\",\"@id\":\"https:\/\/www.aem.com.tr\/en\/services\/ohs-laboratory\/occupational-hygiene-measurements\/#primaryimage\",\"url\":\"https:\/\/www.aem.com.tr\/en\/wp-content\/uploads\/2021\/07\/is-hijyeni-olcumleri-2.jpg\",\"contentUrl\":\"https:\/\/www.aem.com.tr\/en\/wp-content\/uploads\/2021\/07\/is-hijyeni-olcumleri-2.jpg\",\"width\":2000,\"height\":1334,\"caption\":\"\u0130\u015f Hijyeni \u00d6l\u00e7\u00fcmleri\"},{\"@type\":\"BreadcrumbList\",\"@id\":\"https:\/\/www.aem.com.tr\/en\/services\/ohs-laboratory\/occupational-hygiene-measurements\/#breadcrumb\",\"itemListElement\":[{\"@type\":\"ListItem\",\"position\":1,\"name\":\"Home\",\"item\":\"https:\/\/www.aem.com.tr\/en\/\"},{\"@type\":\"ListItem\",\"position\":2,\"name\":\"Services\",\"item\":\"https:\/\/www.aem.com.tr\/en\/services\/\"},{\"@type\":\"ListItem\",\"position\":3,\"name\":\"OHS Laboratory\",\"item\":\"https:\/\/www.aem.com.tr\/en\/services\/ohs-laboratory\/\"},{\"@type\":\"ListItem\",\"position\":4,\"name\":\"Occupational Hygiene Measurements\"}]},{\"@type\":\"WebSite\",\"@id\":\"https:\/\/www.aem.com.tr\/en\/#website\",\"url\":\"https:\/\/www.aem.com.tr\/en\/\",\"name\":\"AEM Laboratory\",\"description\":\"\",\"publisher\":{\"@id\":\"https:\/\/www.aem.com.tr\/en\/#organization\"},\"potentialAction\":[{\"@type\":\"SearchAction\",\"target\":{\"@type\":\"EntryPoint\",\"urlTemplate\":\"https:\/\/www.aem.com.tr\/en\/?s={search_term_string}\"},\"query-input\":{\"@type\":\"PropertyValueSpecification\",\"valueRequired\":true,\"valueName\":\"search_term_string\"}}],\"inLanguage\":\"en-US\"},{\"@type\":\"Organization\",\"@id\":\"https:\/\/www.aem.com.tr\/en\/#organization\",\"name\":\"AEM Laboratory\",\"url\":\"https:\/\/www.aem.com.tr\/en\/\",\"logo\":{\"@type\":\"ImageObject\",\"inLanguage\":\"en-US\",\"@id\":\"https:\/\/www.aem.com.tr\/en\/#\/schema\/logo\/image\/\",\"url\":\"https:\/\/www.aem.com.tr\/en\/wp-content\/uploads\/2023\/10\/placeholder.webp\",\"contentUrl\":\"https:\/\/www.aem.com.tr\/en\/wp-content\/uploads\/2023\/10\/placeholder.webp\",\"width\":1200,\"height\":900,\"caption\":\"AEM Laboratory\"},\"image\":{\"@id\":\"https:\/\/www.aem.com.tr\/en\/#\/schema\/logo\/image\/\"}}]}<\/script>\n<!-- \/ Yoast SEO plugin. -->","yoast_head_json":{"title":"Occupational Hygiene Measurements - AEM Laboratuvar\u0131","robots":{"index":"index","follow":"follow","max-snippet":"max-snippet:-1","max-image-preview":"max-image-preview:large","max-video-preview":"max-video-preview:-1"},"canonical":"https:\/\/www.aem.com.tr\/en\/services\/ohs-laboratory\/occupational-hygiene-measurements\/","og_locale":"en_US","og_type":"article","og_title":"Occupational Hygiene Measurements - AEM Laboratuvar\u0131","og_url":"https:\/\/www.aem.com.tr\/en\/services\/ohs-laboratory\/occupational-hygiene-measurements\/","og_site_name":"AEM Laboratory","article_modified_time":"2024-01-03T10:52:34+00:00","og_image":[{"width":2000,"height":1334,"url":"https:\/\/www.aem.com.tr\/en\/wp-content\/uploads\/2021\/07\/is-hijyeni-olcumleri-2.jpg","type":"image\/jpeg"}],"twitter_card":"summary_large_image","twitter_misc":{"Est. reading time":"2 minutes"},"schema":{"@context":"https:\/\/schema.org","@graph":[{"@type":"WebPage","@id":"https:\/\/www.aem.com.tr\/en\/services\/ohs-laboratory\/occupational-hygiene-measurements\/","url":"https:\/\/www.aem.com.tr\/en\/services\/ohs-laboratory\/occupational-hygiene-measurements\/","name":"Occupational Hygiene Measurements - AEM Laboratuvar\u0131","isPartOf":{"@id":"https:\/\/www.aem.com.tr\/en\/#website"},"primaryImageOfPage":{"@id":"https:\/\/www.aem.com.tr\/en\/services\/ohs-laboratory\/occupational-hygiene-measurements\/#primaryimage"},"image":{"@id":"https:\/\/www.aem.com.tr\/en\/services\/ohs-laboratory\/occupational-hygiene-measurements\/#primaryimage"},"thumbnailUrl":"https:\/\/www.aem.com.tr\/en\/wp-content\/uploads\/2021\/07\/is-hijyeni-olcumleri-2.jpg","datePublished":"2021-07-28T14:04:51+00:00","dateModified":"2024-01-03T10:52:34+00:00","breadcrumb":{"@id":"https:\/\/www.aem.com.tr\/en\/services\/ohs-laboratory\/occupational-hygiene-measurements\/#breadcrumb"},"inLanguage":"en-US","potentialAction":[{"@type":"ReadAction","target":["https:\/\/www.aem.com.tr\/en\/services\/ohs-laboratory\/occupational-hygiene-measurements\/"]}]},{"@type":"ImageObject","inLanguage":"en-US","@id":"https:\/\/www.aem.com.tr\/en\/services\/ohs-laboratory\/occupational-hygiene-measurements\/#primaryimage","url":"https:\/\/www.aem.com.tr\/en\/wp-content\/uploads\/2021\/07\/is-hijyeni-olcumleri-2.jpg","contentUrl":"https:\/\/www.aem.com.tr\/en\/wp-content\/uploads\/2021\/07\/is-hijyeni-olcumleri-2.jpg","width":2000,"height":1334,"caption":"\u0130\u015f Hijyeni \u00d6l\u00e7\u00fcmleri"},{"@type":"BreadcrumbList","@id":"https:\/\/www.aem.com.tr\/en\/services\/ohs-laboratory\/occupational-hygiene-measurements\/#breadcrumb","itemListElement":[{"@type":"ListItem","position":1,"name":"Home","item":"https:\/\/www.aem.com.tr\/en\/"},{"@type":"ListItem","position":2,"name":"Services","item":"https:\/\/www.aem.com.tr\/en\/services\/"},{"@type":"ListItem","position":3,"name":"OHS Laboratory","item":"https:\/\/www.aem.com.tr\/en\/services\/ohs-laboratory\/"},{"@type":"ListItem","position":4,"name":"Occupational Hygiene Measurements"}]},{"@type":"WebSite","@id":"https:\/\/www.aem.com.tr\/en\/#website","url":"https:\/\/www.aem.com.tr\/en\/","name":"AEM Laboratory","description":"","publisher":{"@id":"https:\/\/www.aem.com.tr\/en\/#organization"},"potentialAction":[{"@type":"SearchAction","target":{"@type":"EntryPoint","urlTemplate":"https:\/\/www.aem.com.tr\/en\/?s={search_term_string}"},"query-input":{"@type":"PropertyValueSpecification","valueRequired":true,"valueName":"search_term_string"}}],"inLanguage":"en-US"},{"@type":"Organization","@id":"https:\/\/www.aem.com.tr\/en\/#organization","name":"AEM Laboratory","url":"https:\/\/www.aem.com.tr\/en\/","logo":{"@type":"ImageObject","inLanguage":"en-US","@id":"https:\/\/www.aem.com.tr\/en\/#\/schema\/logo\/image\/","url":"https:\/\/www.aem.com.tr\/en\/wp-content\/uploads\/2023\/10\/placeholder.webp","contentUrl":"https:\/\/www.aem.com.tr\/en\/wp-content\/uploads\/2023\/10\/placeholder.webp","width":1200,"height":900,"caption":"AEM Laboratory"},"image":{"@id":"https:\/\/www.aem.com.tr\/en\/#\/schema\/logo\/image\/"}}]}},"_links":{"self":[{"href":"https:\/\/www.aem.com.tr\/en\/wp-json\/wp\/v2\/pages\/7939","targetHints":{"allow":["GET"]}}],"collection":[{"href":"https:\/\/www.aem.com.tr\/en\/wp-json\/wp\/v2\/pages"}],"about":[{"href":"https:\/\/www.aem.com.tr\/en\/wp-json\/wp\/v2\/types\/page"}],"author":[{"embeddable":true,"href":"https:\/\/www.aem.com.tr\/en\/wp-json\/wp\/v2\/users\/1"}],"replies":[{"embeddable":true,"href":"https:\/\/www.aem.com.tr\/en\/wp-json\/wp\/v2\/comments?post=7939"}],"version-history":[{"count":1,"href":"https:\/\/www.aem.com.tr\/en\/wp-json\/wp\/v2\/pages\/7939\/revisions"}],"predecessor-version":[{"id":10314,"href":"https:\/\/www.aem.com.tr\/en\/wp-json\/wp\/v2\/pages\/7939\/revisions\/10314"}],"up":[{"embeddable":true,"href":"https:\/\/www.aem.com.tr\/en\/wp-json\/wp\/v2\/pages\/7884"}],"wp:featuredmedia":[{"embeddable":true,"href":"https:\/\/www.aem.com.tr\/en\/wp-json\/wp\/v2\/media\/8262"}],"wp:attachment":[{"href":"https:\/\/www.aem.com.tr\/en\/wp-json\/wp\/v2\/media?parent=7939"}],"curies":[{"name":"wp","href":"https:\/\/api.w.org\/{rel}","templated":true}]}}