{"id":7935,"date":"2021-07-28T17:03:20","date_gmt":"2021-07-28T14:03:20","guid":{"rendered":"https:\/\/www.aem.com.tr\/?page_id=7935"},"modified":"2024-01-03T13:46:35","modified_gmt":"2024-01-03T10:46:35","slug":"asbestos-analysis","status":"publish","type":"page","link":"https:\/\/www.aem.com.tr\/en\/services\/ohs-laboratory\/asbestos-analysis\/","title":{"rendered":"Asbestos Analysis"},"content":{"rendered":"<section class=\"l-section wpb_row height_custom\"><div class=\"l-section-h i-cf\"><div class=\"g-cols vc_row via_grid cols_1 laptops-cols_inherit tablets-cols_inherit mobiles-cols_1 valign_top type_default stacking_default\"><div class=\"wpb_column vc_column_container\"><div class=\"vc_column-inner\"><div class=\"g-cols wpb_row via_grid cols_2-1 laptops-cols_inherit tablets-cols_inherit mobiles-cols_1 valign_top type_default stacking_default\" style=\"--gap:3rem;\"><div class=\"wpb_column vc_column_container\"><div class=\"vc_column-inner\"><div class=\"wpb_text_column\"><div class=\"wpb_wrapper\"><p>Asbestos analysis is a type of analysis required under the Regulation on Health and Safety Measures in Working with Asbestos.<\/p>\n<p>Asbestos derivatives known to be carcinogenic and banned for use and production; should be removed from the environment with experts. Asbestos analysis is required during these stages.<\/p>\n<p>Asbestos analysis is commonly done in two ways: determination of asbestos in solid samples, measurement of suspended asbestos fiber in the environment.<\/p>\n<\/div><\/div><\/div><\/div><div class=\"wpb_column vc_column_container\"><div class=\"vc_column-inner\"><div class=\"w-image align_none\"><div class=\"w-image-h\"><img decoding=\"async\" width=\"2000\" height=\"1338\" src=\"https:\/\/www.aem.com.tr\/en\/wp-content\/uploads\/2021\/07\/asbest-analizi.jpg\" class=\"attachment-full size-full\" alt=\"Asbest Analizi\" loading=\"lazy\" srcset=\"https:\/\/www.aem.com.tr\/en\/wp-content\/uploads\/2021\/07\/asbest-analizi.jpg 2000w, https:\/\/www.aem.com.tr\/en\/wp-content\/uploads\/2021\/07\/asbest-analizi-300x201.jpg 300w, https:\/\/www.aem.com.tr\/en\/wp-content\/uploads\/2021\/07\/asbest-analizi-1024x685.jpg 1024w\" sizes=\"auto, (max-width: 2000px) 100vw, 2000px\" \/><\/div><\/div><\/div><\/div><\/div><div class=\"w-separator size_small\"><\/div><div class=\"wpb_text_column\"><div class=\"wpb_wrapper\"><p>Asbestos Type Determination in Solid Sample:<\/p>\n<p>The presence of asbestos is examined, it is a type of analysis performed for detection purposes. The 6 most commonly known asbestos species (chrysotile, crocidolite, amosite, anthophyllite, tremolite and actinolite) are observed. Results are given as present or absent.<\/p>\n<p>It is the type of asbestos analysis required for the asbestos inventory report, which is required especially within the scope of urban transformation. Samples are taken in the presence of asbestos removal experts or laboratory personnel authorized by \u0130SG\u00dcM. Asbestos analysis is performed in accordance with NIOSH-NMAM 9002 standard. AEM Laboratory is an organization authorized by \u0130SG\u00dcM and accredited by T\u00fcrkak for asbestos species determination in solid samples.<\/p>\n<p>Determination of Airborne Fibrous Dust Concentration:<\/p>\n<p>Suspended asbestos fiber, unlike solid samples, is a measurement that should only be taken by laboratory personnel authorized by \u0130SG\u00dcM. It involves sampling of volatile asbestos fibers as personal and workplace environment. The sampled sample is analyzed in the laboratory in accordance with the NIOSH 7400 standard. The result is given as concentration.<\/p>\n<p>Asbestos fiber counting is a type of asbestos measurement and analysis commonly requested during asbestos removal operations. Reports of laboratories authorized by ISGUM are valid. AEM Laboratory can actively perform measurement and analysis in accordance with the NIOSH-NMAM 7400 standard. It has T\u00dcRKAK accreditation and \u0130SG\u00dcM qualification from the same standard.<\/p>\n<\/div><\/div><\/div><\/div><\/div><\/div><\/section>\n","protected":false},"excerpt":{"rendered":"Asbestos analysis is a type of analysis required under the Regulation on Health and Safety Measures in Working with Asbestos. Asbestos derivatives known to be carcinogenic and banned for use and production; should be removed from the environment with experts. Asbestos analysis is required during these stages. Asbestos analysis is commonly done in two ways:...","protected":false},"author":1,"featured_media":8237,"parent":7884,"menu_order":0,"comment_status":"closed","ping_status":"closed","template":"","meta":{"_acf_changed":false,"footnotes":""},"class_list":["post-7935","page","type-page","status-publish","has-post-thumbnail","hentry"],"acf":[],"yoast_head":"<!-- This site is optimized with the Yoast SEO plugin v25.2 - https:\/\/yoast.com\/wordpress\/plugins\/seo\/ -->\n<title>Asbestos Analysis - AEM Laboratuvar\u0131<\/title>\n<meta name=\"robots\" content=\"index, follow, max-snippet:-1, max-image-preview:large, max-video-preview:-1\" \/>\n<link rel=\"canonical\" href=\"https:\/\/www.aem.com.tr\/en\/services\/ohs-laboratory\/asbestos-analysis\/\" \/>\n<meta property=\"og:locale\" content=\"en_US\" \/>\n<meta property=\"og:type\" content=\"article\" \/>\n<meta property=\"og:title\" content=\"Asbestos Analysis - AEM Laboratuvar\u0131\" \/>\n<meta property=\"og:url\" content=\"https:\/\/www.aem.com.tr\/en\/services\/ohs-laboratory\/asbestos-analysis\/\" \/>\n<meta property=\"og:site_name\" content=\"AEM Laboratory\" \/>\n<meta property=\"article:modified_time\" content=\"2024-01-03T10:46:35+00:00\" \/>\n<meta property=\"og:image\" content=\"https:\/\/www.aem.com.tr\/en\/wp-content\/uploads\/2021\/07\/asbest-analizi-2.jpg\" \/>\n\t<meta property=\"og:image:width\" content=\"2000\" \/>\n\t<meta property=\"og:image:height\" content=\"1334\" \/>\n\t<meta property=\"og:image:type\" content=\"image\/jpeg\" \/>\n<meta name=\"twitter:card\" content=\"summary_large_image\" \/>\n<meta name=\"twitter:label1\" content=\"Est. reading time\" \/>\n\t<meta name=\"twitter:data1\" content=\"1 minute\" \/>\n<script type=\"application\/ld+json\" class=\"yoast-schema-graph\">{\"@context\":\"https:\/\/schema.org\",\"@graph\":[{\"@type\":\"WebPage\",\"@id\":\"https:\/\/www.aem.com.tr\/en\/services\/ohs-laboratory\/asbestos-analysis\/\",\"url\":\"https:\/\/www.aem.com.tr\/en\/services\/ohs-laboratory\/asbestos-analysis\/\",\"name\":\"Asbestos Analysis - AEM Laboratuvar\u0131\",\"isPartOf\":{\"@id\":\"https:\/\/www.aem.com.tr\/en\/#website\"},\"primaryImageOfPage\":{\"@id\":\"https:\/\/www.aem.com.tr\/en\/services\/ohs-laboratory\/asbestos-analysis\/#primaryimage\"},\"image\":{\"@id\":\"https:\/\/www.aem.com.tr\/en\/services\/ohs-laboratory\/asbestos-analysis\/#primaryimage\"},\"thumbnailUrl\":\"https:\/\/www.aem.com.tr\/en\/wp-content\/uploads\/2021\/07\/asbest-analizi-2.jpg\",\"datePublished\":\"2021-07-28T14:03:20+00:00\",\"dateModified\":\"2024-01-03T10:46:35+00:00\",\"breadcrumb\":{\"@id\":\"https:\/\/www.aem.com.tr\/en\/services\/ohs-laboratory\/asbestos-analysis\/#breadcrumb\"},\"inLanguage\":\"en-US\",\"potentialAction\":[{\"@type\":\"ReadAction\",\"target\":[\"https:\/\/www.aem.com.tr\/en\/services\/ohs-laboratory\/asbestos-analysis\/\"]}]},{\"@type\":\"ImageObject\",\"inLanguage\":\"en-US\",\"@id\":\"https:\/\/www.aem.com.tr\/en\/services\/ohs-laboratory\/asbestos-analysis\/#primaryimage\",\"url\":\"https:\/\/www.aem.com.tr\/en\/wp-content\/uploads\/2021\/07\/asbest-analizi-2.jpg\",\"contentUrl\":\"https:\/\/www.aem.com.tr\/en\/wp-content\/uploads\/2021\/07\/asbest-analizi-2.jpg\",\"width\":2000,\"height\":1334,\"caption\":\"Asbest Analizi\"},{\"@type\":\"BreadcrumbList\",\"@id\":\"https:\/\/www.aem.com.tr\/en\/services\/ohs-laboratory\/asbestos-analysis\/#breadcrumb\",\"itemListElement\":[{\"@type\":\"ListItem\",\"position\":1,\"name\":\"Home\",\"item\":\"https:\/\/www.aem.com.tr\/en\/\"},{\"@type\":\"ListItem\",\"position\":2,\"name\":\"Services\",\"item\":\"https:\/\/www.aem.com.tr\/en\/services\/\"},{\"@type\":\"ListItem\",\"position\":3,\"name\":\"OHS Laboratory\",\"item\":\"https:\/\/www.aem.com.tr\/en\/services\/ohs-laboratory\/\"},{\"@type\":\"ListItem\",\"position\":4,\"name\":\"Asbestos Analysis\"}]},{\"@type\":\"WebSite\",\"@id\":\"https:\/\/www.aem.com.tr\/en\/#website\",\"url\":\"https:\/\/www.aem.com.tr\/en\/\",\"name\":\"AEM Laboratory\",\"description\":\"\",\"publisher\":{\"@id\":\"https:\/\/www.aem.com.tr\/en\/#organization\"},\"potentialAction\":[{\"@type\":\"SearchAction\",\"target\":{\"@type\":\"EntryPoint\",\"urlTemplate\":\"https:\/\/www.aem.com.tr\/en\/?s={search_term_string}\"},\"query-input\":{\"@type\":\"PropertyValueSpecification\",\"valueRequired\":true,\"valueName\":\"search_term_string\"}}],\"inLanguage\":\"en-US\"},{\"@type\":\"Organization\",\"@id\":\"https:\/\/www.aem.com.tr\/en\/#organization\",\"name\":\"AEM Laboratory\",\"url\":\"https:\/\/www.aem.com.tr\/en\/\",\"logo\":{\"@type\":\"ImageObject\",\"inLanguage\":\"en-US\",\"@id\":\"https:\/\/www.aem.com.tr\/en\/#\/schema\/logo\/image\/\",\"url\":\"https:\/\/www.aem.com.tr\/en\/wp-content\/uploads\/2023\/10\/placeholder.webp\",\"contentUrl\":\"https:\/\/www.aem.com.tr\/en\/wp-content\/uploads\/2023\/10\/placeholder.webp\",\"width\":1200,\"height\":900,\"caption\":\"AEM Laboratory\"},\"image\":{\"@id\":\"https:\/\/www.aem.com.tr\/en\/#\/schema\/logo\/image\/\"}}]}<\/script>\n<!-- \/ Yoast SEO plugin. -->","yoast_head_json":{"title":"Asbestos Analysis - AEM Laboratuvar\u0131","robots":{"index":"index","follow":"follow","max-snippet":"max-snippet:-1","max-image-preview":"max-image-preview:large","max-video-preview":"max-video-preview:-1"},"canonical":"https:\/\/www.aem.com.tr\/en\/services\/ohs-laboratory\/asbestos-analysis\/","og_locale":"en_US","og_type":"article","og_title":"Asbestos Analysis - AEM Laboratuvar\u0131","og_url":"https:\/\/www.aem.com.tr\/en\/services\/ohs-laboratory\/asbestos-analysis\/","og_site_name":"AEM Laboratory","article_modified_time":"2024-01-03T10:46:35+00:00","og_image":[{"width":2000,"height":1334,"url":"https:\/\/www.aem.com.tr\/en\/wp-content\/uploads\/2021\/07\/asbest-analizi-2.jpg","type":"image\/jpeg"}],"twitter_card":"summary_large_image","twitter_misc":{"Est. reading time":"1 minute"},"schema":{"@context":"https:\/\/schema.org","@graph":[{"@type":"WebPage","@id":"https:\/\/www.aem.com.tr\/en\/services\/ohs-laboratory\/asbestos-analysis\/","url":"https:\/\/www.aem.com.tr\/en\/services\/ohs-laboratory\/asbestos-analysis\/","name":"Asbestos Analysis - AEM Laboratuvar\u0131","isPartOf":{"@id":"https:\/\/www.aem.com.tr\/en\/#website"},"primaryImageOfPage":{"@id":"https:\/\/www.aem.com.tr\/en\/services\/ohs-laboratory\/asbestos-analysis\/#primaryimage"},"image":{"@id":"https:\/\/www.aem.com.tr\/en\/services\/ohs-laboratory\/asbestos-analysis\/#primaryimage"},"thumbnailUrl":"https:\/\/www.aem.com.tr\/en\/wp-content\/uploads\/2021\/07\/asbest-analizi-2.jpg","datePublished":"2021-07-28T14:03:20+00:00","dateModified":"2024-01-03T10:46:35+00:00","breadcrumb":{"@id":"https:\/\/www.aem.com.tr\/en\/services\/ohs-laboratory\/asbestos-analysis\/#breadcrumb"},"inLanguage":"en-US","potentialAction":[{"@type":"ReadAction","target":["https:\/\/www.aem.com.tr\/en\/services\/ohs-laboratory\/asbestos-analysis\/"]}]},{"@type":"ImageObject","inLanguage":"en-US","@id":"https:\/\/www.aem.com.tr\/en\/services\/ohs-laboratory\/asbestos-analysis\/#primaryimage","url":"https:\/\/www.aem.com.tr\/en\/wp-content\/uploads\/2021\/07\/asbest-analizi-2.jpg","contentUrl":"https:\/\/www.aem.com.tr\/en\/wp-content\/uploads\/2021\/07\/asbest-analizi-2.jpg","width":2000,"height":1334,"caption":"Asbest Analizi"},{"@type":"BreadcrumbList","@id":"https:\/\/www.aem.com.tr\/en\/services\/ohs-laboratory\/asbestos-analysis\/#breadcrumb","itemListElement":[{"@type":"ListItem","position":1,"name":"Home","item":"https:\/\/www.aem.com.tr\/en\/"},{"@type":"ListItem","position":2,"name":"Services","item":"https:\/\/www.aem.com.tr\/en\/services\/"},{"@type":"ListItem","position":3,"name":"OHS Laboratory","item":"https:\/\/www.aem.com.tr\/en\/services\/ohs-laboratory\/"},{"@type":"ListItem","position":4,"name":"Asbestos Analysis"}]},{"@type":"WebSite","@id":"https:\/\/www.aem.com.tr\/en\/#website","url":"https:\/\/www.aem.com.tr\/en\/","name":"AEM Laboratory","description":"","publisher":{"@id":"https:\/\/www.aem.com.tr\/en\/#organization"},"potentialAction":[{"@type":"SearchAction","target":{"@type":"EntryPoint","urlTemplate":"https:\/\/www.aem.com.tr\/en\/?s={search_term_string}"},"query-input":{"@type":"PropertyValueSpecification","valueRequired":true,"valueName":"search_term_string"}}],"inLanguage":"en-US"},{"@type":"Organization","@id":"https:\/\/www.aem.com.tr\/en\/#organization","name":"AEM Laboratory","url":"https:\/\/www.aem.com.tr\/en\/","logo":{"@type":"ImageObject","inLanguage":"en-US","@id":"https:\/\/www.aem.com.tr\/en\/#\/schema\/logo\/image\/","url":"https:\/\/www.aem.com.tr\/en\/wp-content\/uploads\/2023\/10\/placeholder.webp","contentUrl":"https:\/\/www.aem.com.tr\/en\/wp-content\/uploads\/2023\/10\/placeholder.webp","width":1200,"height":900,"caption":"AEM Laboratory"},"image":{"@id":"https:\/\/www.aem.com.tr\/en\/#\/schema\/logo\/image\/"}}]}},"_links":{"self":[{"href":"https:\/\/www.aem.com.tr\/en\/wp-json\/wp\/v2\/pages\/7935","targetHints":{"allow":["GET"]}}],"collection":[{"href":"https:\/\/www.aem.com.tr\/en\/wp-json\/wp\/v2\/pages"}],"about":[{"href":"https:\/\/www.aem.com.tr\/en\/wp-json\/wp\/v2\/types\/page"}],"author":[{"embeddable":true,"href":"https:\/\/www.aem.com.tr\/en\/wp-json\/wp\/v2\/users\/1"}],"replies":[{"embeddable":true,"href":"https:\/\/www.aem.com.tr\/en\/wp-json\/wp\/v2\/comments?post=7935"}],"version-history":[{"count":2,"href":"https:\/\/www.aem.com.tr\/en\/wp-json\/wp\/v2\/pages\/7935\/revisions"}],"predecessor-version":[{"id":10311,"href":"https:\/\/www.aem.com.tr\/en\/wp-json\/wp\/v2\/pages\/7935\/revisions\/10311"}],"up":[{"embeddable":true,"href":"https:\/\/www.aem.com.tr\/en\/wp-json\/wp\/v2\/pages\/7884"}],"wp:featuredmedia":[{"embeddable":true,"href":"https:\/\/www.aem.com.tr\/en\/wp-json\/wp\/v2\/media\/8237"}],"wp:attachment":[{"href":"https:\/\/www.aem.com.tr\/en\/wp-json\/wp\/v2\/media?parent=7935"}],"curies":[{"name":"wp","href":"https:\/\/api.w.org\/{rel}","templated":true}]}}