{"id":7920,"date":"2021-07-28T16:55:13","date_gmt":"2021-07-28T13:55:13","guid":{"rendered":"https:\/\/www.aem.com.tr\/?page_id=7920"},"modified":"2024-01-03T15:49:09","modified_gmt":"2024-01-03T12:49:09","slug":"air-quality-measurement","status":"publish","type":"page","link":"https:\/\/www.aem.com.tr\/en\/services\/environmental-laboratory\/air-quality-measurement\/","title":{"rendered":"Air Quality Measurement"},"content":{"rendered":"<section class=\"l-section wpb_row height_custom\"><div class=\"l-section-h i-cf\"><div class=\"g-cols vc_row via_grid cols_1 laptops-cols_inherit tablets-cols_inherit mobiles-cols_1 valign_top type_default stacking_default\"><div class=\"wpb_column vc_column_container\"><div class=\"vc_column-inner\"><div class=\"g-cols wpb_row via_grid cols_2-1 laptops-cols_inherit tablets-cols_inherit mobiles-cols_1 valign_top type_default stacking_default\" style=\"--gap:3rem;\"><div class=\"wpb_column vc_column_container\"><div class=\"vc_column-inner\"><div class=\"wpb_text_column\"><div class=\"wpb_wrapper\"><p>Air quality measurement, also known as emission measurement, is included in the environmental legislation within the scope of the Regulation on the Control of Industrial Air Pollution and the Regulation on Air Quality Assessment and Management. Measurements are repeated during the environmental permit phase or every 2 years for control purposes.<\/p>\n<p>Air quality measurements should be carried out as monthly monitoring when the masonry material is stored in the open (outside the closed area) and the mass flow rate of the gas discharged from the chimney is exceeded. Modeling may be necessary before measurements. Since monitoring is carried out, the measurement period specified in the legislation usually takes 2 months with monthly analysis results.<\/p>\n<\/div><\/div><\/div><\/div><div class=\"wpb_column vc_column_container\"><div class=\"vc_column-inner\"><div class=\"w-image align_none\"><div class=\"w-image-h\"><img decoding=\"async\" width=\"2000\" height=\"1336\" src=\"https:\/\/www.aem.com.tr\/en\/wp-content\/uploads\/2021\/07\/hava-kalitesi-olcumu.jpg\" class=\"attachment-full size-full\" alt=\"Hava Kalitesi \u00d6l\u00e7\u00fcm\u00fc\" loading=\"lazy\" srcset=\"https:\/\/www.aem.com.tr\/en\/wp-content\/uploads\/2021\/07\/hava-kalitesi-olcumu.jpg 2000w, https:\/\/www.aem.com.tr\/en\/wp-content\/uploads\/2021\/07\/hava-kalitesi-olcumu-300x200.jpg 300w, https:\/\/www.aem.com.tr\/en\/wp-content\/uploads\/2021\/07\/hava-kalitesi-olcumu-1024x684.jpg 1024w\" sizes=\"auto, (max-width: 2000px) 100vw, 2000px\" \/><\/div><\/div><\/div><\/div><\/div><div class=\"w-separator size_small\"><\/div><div class=\"wpb_text_column\"><div class=\"wpb_wrapper\"><p>In order to start emission measurement, it is necessary to log in to the Ministry panel. The system gives a date 5 days at the earliest. Various information and documents are required for reporting after the measurement.<\/p>\n<p>The reports of laboratories authorized by the Ministry of Environment and Urbanization for air quality measurement are valid. Launched in 2019, MELBES collects air quality measurement requests. MELBES assigns the requests to authorized laboratories. Measurements to be made within the scope of EIA are excluded from MELBES. AEM Laboratory can be contacted for air quality measurements for EIA, out-of-scope and control purposes. If air quality measurement is to be performed within the scope of environmental permit, an application should be made to MELBES.<\/p>\n<p>AEM Laboratory is an organization authorized by the Ministry of Environment and Urbanization and accredited by T\u00fcrkak for air quality measurement with its expert staff, technical facilities and quality service.<\/p>\n<\/div><\/div><\/div><\/div><\/div><\/div><\/section>\n","protected":false},"excerpt":{"rendered":"Air quality measurement, also known as emission measurement, is included in the environmental legislation within the scope of the Regulation on the Control of Industrial Air Pollution and the Regulation on Air Quality Assessment and Management. Measurements are repeated during the environmental permit phase or every 2 years for control purposes. Air quality measurements should...","protected":false},"author":1,"featured_media":8184,"parent":7881,"menu_order":0,"comment_status":"closed","ping_status":"closed","template":"","meta":{"_acf_changed":false,"footnotes":""},"class_list":["post-7920","page","type-page","status-publish","has-post-thumbnail","hentry"],"acf":[],"yoast_head":"<!-- This site is optimized with the Yoast SEO plugin v25.2 - https:\/\/yoast.com\/wordpress\/plugins\/seo\/ -->\n<title>Air Quality Measurement - AEM Laboratuvar\u0131<\/title>\n<meta name=\"robots\" content=\"index, follow, max-snippet:-1, max-image-preview:large, max-video-preview:-1\" \/>\n<link rel=\"canonical\" href=\"https:\/\/www.aem.com.tr\/en\/services\/environmental-laboratory\/air-quality-measurement\/\" \/>\n<meta property=\"og:locale\" content=\"en_US\" \/>\n<meta property=\"og:type\" content=\"article\" \/>\n<meta property=\"og:title\" content=\"Air Quality Measurement - AEM Laboratuvar\u0131\" \/>\n<meta property=\"og:url\" content=\"https:\/\/www.aem.com.tr\/en\/services\/environmental-laboratory\/air-quality-measurement\/\" \/>\n<meta property=\"og:site_name\" content=\"AEM Laboratory\" \/>\n<meta property=\"article:modified_time\" content=\"2024-01-03T12:49:09+00:00\" \/>\n<meta property=\"og:image\" content=\"https:\/\/www.aem.com.tr\/en\/wp-content\/uploads\/2021\/07\/hava-kalitesi-olcumu-2.jpg\" \/>\n\t<meta property=\"og:image:width\" content=\"2000\" \/>\n\t<meta property=\"og:image:height\" content=\"1334\" \/>\n\t<meta property=\"og:image:type\" content=\"image\/jpeg\" \/>\n<meta name=\"twitter:card\" content=\"summary_large_image\" \/>\n<meta name=\"twitter:label1\" content=\"Est. reading time\" \/>\n\t<meta name=\"twitter:data1\" content=\"2 minutes\" \/>\n<script type=\"application\/ld+json\" class=\"yoast-schema-graph\">{\"@context\":\"https:\/\/schema.org\",\"@graph\":[{\"@type\":\"WebPage\",\"@id\":\"https:\/\/www.aem.com.tr\/en\/services\/environmental-laboratory\/air-quality-measurement\/\",\"url\":\"https:\/\/www.aem.com.tr\/en\/services\/environmental-laboratory\/air-quality-measurement\/\",\"name\":\"Air Quality Measurement - AEM Laboratuvar\u0131\",\"isPartOf\":{\"@id\":\"https:\/\/www.aem.com.tr\/en\/#website\"},\"primaryImageOfPage\":{\"@id\":\"https:\/\/www.aem.com.tr\/en\/services\/environmental-laboratory\/air-quality-measurement\/#primaryimage\"},\"image\":{\"@id\":\"https:\/\/www.aem.com.tr\/en\/services\/environmental-laboratory\/air-quality-measurement\/#primaryimage\"},\"thumbnailUrl\":\"https:\/\/www.aem.com.tr\/en\/wp-content\/uploads\/2021\/07\/hava-kalitesi-olcumu-2.jpg\",\"datePublished\":\"2021-07-28T13:55:13+00:00\",\"dateModified\":\"2024-01-03T12:49:09+00:00\",\"breadcrumb\":{\"@id\":\"https:\/\/www.aem.com.tr\/en\/services\/environmental-laboratory\/air-quality-measurement\/#breadcrumb\"},\"inLanguage\":\"en-US\",\"potentialAction\":[{\"@type\":\"ReadAction\",\"target\":[\"https:\/\/www.aem.com.tr\/en\/services\/environmental-laboratory\/air-quality-measurement\/\"]}]},{\"@type\":\"ImageObject\",\"inLanguage\":\"en-US\",\"@id\":\"https:\/\/www.aem.com.tr\/en\/services\/environmental-laboratory\/air-quality-measurement\/#primaryimage\",\"url\":\"https:\/\/www.aem.com.tr\/en\/wp-content\/uploads\/2021\/07\/hava-kalitesi-olcumu-2.jpg\",\"contentUrl\":\"https:\/\/www.aem.com.tr\/en\/wp-content\/uploads\/2021\/07\/hava-kalitesi-olcumu-2.jpg\",\"width\":2000,\"height\":1334,\"caption\":\"Hava Kalitesi \u00d6l\u00e7\u00fcm\u00fc\"},{\"@type\":\"BreadcrumbList\",\"@id\":\"https:\/\/www.aem.com.tr\/en\/services\/environmental-laboratory\/air-quality-measurement\/#breadcrumb\",\"itemListElement\":[{\"@type\":\"ListItem\",\"position\":1,\"name\":\"Home\",\"item\":\"https:\/\/www.aem.com.tr\/en\/\"},{\"@type\":\"ListItem\",\"position\":2,\"name\":\"Services\",\"item\":\"https:\/\/www.aem.com.tr\/en\/services\/\"},{\"@type\":\"ListItem\",\"position\":3,\"name\":\"Environmental Laboratory\",\"item\":\"https:\/\/www.aem.com.tr\/en\/services\/environmental-laboratory\/\"},{\"@type\":\"ListItem\",\"position\":4,\"name\":\"Air Quality Measurement\"}]},{\"@type\":\"WebSite\",\"@id\":\"https:\/\/www.aem.com.tr\/en\/#website\",\"url\":\"https:\/\/www.aem.com.tr\/en\/\",\"name\":\"AEM Laboratory\",\"description\":\"\",\"publisher\":{\"@id\":\"https:\/\/www.aem.com.tr\/en\/#organization\"},\"potentialAction\":[{\"@type\":\"SearchAction\",\"target\":{\"@type\":\"EntryPoint\",\"urlTemplate\":\"https:\/\/www.aem.com.tr\/en\/?s={search_term_string}\"},\"query-input\":{\"@type\":\"PropertyValueSpecification\",\"valueRequired\":true,\"valueName\":\"search_term_string\"}}],\"inLanguage\":\"en-US\"},{\"@type\":\"Organization\",\"@id\":\"https:\/\/www.aem.com.tr\/en\/#organization\",\"name\":\"AEM Laboratory\",\"url\":\"https:\/\/www.aem.com.tr\/en\/\",\"logo\":{\"@type\":\"ImageObject\",\"inLanguage\":\"en-US\",\"@id\":\"https:\/\/www.aem.com.tr\/en\/#\/schema\/logo\/image\/\",\"url\":\"https:\/\/www.aem.com.tr\/en\/wp-content\/uploads\/2023\/10\/placeholder.webp\",\"contentUrl\":\"https:\/\/www.aem.com.tr\/en\/wp-content\/uploads\/2023\/10\/placeholder.webp\",\"width\":1200,\"height\":900,\"caption\":\"AEM Laboratory\"},\"image\":{\"@id\":\"https:\/\/www.aem.com.tr\/en\/#\/schema\/logo\/image\/\"}}]}<\/script>\n<!-- \/ Yoast SEO plugin. -->","yoast_head_json":{"title":"Air Quality Measurement - AEM Laboratuvar\u0131","robots":{"index":"index","follow":"follow","max-snippet":"max-snippet:-1","max-image-preview":"max-image-preview:large","max-video-preview":"max-video-preview:-1"},"canonical":"https:\/\/www.aem.com.tr\/en\/services\/environmental-laboratory\/air-quality-measurement\/","og_locale":"en_US","og_type":"article","og_title":"Air Quality Measurement - AEM Laboratuvar\u0131","og_url":"https:\/\/www.aem.com.tr\/en\/services\/environmental-laboratory\/air-quality-measurement\/","og_site_name":"AEM Laboratory","article_modified_time":"2024-01-03T12:49:09+00:00","og_image":[{"width":2000,"height":1334,"url":"https:\/\/www.aem.com.tr\/en\/wp-content\/uploads\/2021\/07\/hava-kalitesi-olcumu-2.jpg","type":"image\/jpeg"}],"twitter_card":"summary_large_image","twitter_misc":{"Est. reading time":"2 minutes"},"schema":{"@context":"https:\/\/schema.org","@graph":[{"@type":"WebPage","@id":"https:\/\/www.aem.com.tr\/en\/services\/environmental-laboratory\/air-quality-measurement\/","url":"https:\/\/www.aem.com.tr\/en\/services\/environmental-laboratory\/air-quality-measurement\/","name":"Air Quality Measurement - AEM Laboratuvar\u0131","isPartOf":{"@id":"https:\/\/www.aem.com.tr\/en\/#website"},"primaryImageOfPage":{"@id":"https:\/\/www.aem.com.tr\/en\/services\/environmental-laboratory\/air-quality-measurement\/#primaryimage"},"image":{"@id":"https:\/\/www.aem.com.tr\/en\/services\/environmental-laboratory\/air-quality-measurement\/#primaryimage"},"thumbnailUrl":"https:\/\/www.aem.com.tr\/en\/wp-content\/uploads\/2021\/07\/hava-kalitesi-olcumu-2.jpg","datePublished":"2021-07-28T13:55:13+00:00","dateModified":"2024-01-03T12:49:09+00:00","breadcrumb":{"@id":"https:\/\/www.aem.com.tr\/en\/services\/environmental-laboratory\/air-quality-measurement\/#breadcrumb"},"inLanguage":"en-US","potentialAction":[{"@type":"ReadAction","target":["https:\/\/www.aem.com.tr\/en\/services\/environmental-laboratory\/air-quality-measurement\/"]}]},{"@type":"ImageObject","inLanguage":"en-US","@id":"https:\/\/www.aem.com.tr\/en\/services\/environmental-laboratory\/air-quality-measurement\/#primaryimage","url":"https:\/\/www.aem.com.tr\/en\/wp-content\/uploads\/2021\/07\/hava-kalitesi-olcumu-2.jpg","contentUrl":"https:\/\/www.aem.com.tr\/en\/wp-content\/uploads\/2021\/07\/hava-kalitesi-olcumu-2.jpg","width":2000,"height":1334,"caption":"Hava Kalitesi \u00d6l\u00e7\u00fcm\u00fc"},{"@type":"BreadcrumbList","@id":"https:\/\/www.aem.com.tr\/en\/services\/environmental-laboratory\/air-quality-measurement\/#breadcrumb","itemListElement":[{"@type":"ListItem","position":1,"name":"Home","item":"https:\/\/www.aem.com.tr\/en\/"},{"@type":"ListItem","position":2,"name":"Services","item":"https:\/\/www.aem.com.tr\/en\/services\/"},{"@type":"ListItem","position":3,"name":"Environmental Laboratory","item":"https:\/\/www.aem.com.tr\/en\/services\/environmental-laboratory\/"},{"@type":"ListItem","position":4,"name":"Air Quality Measurement"}]},{"@type":"WebSite","@id":"https:\/\/www.aem.com.tr\/en\/#website","url":"https:\/\/www.aem.com.tr\/en\/","name":"AEM Laboratory","description":"","publisher":{"@id":"https:\/\/www.aem.com.tr\/en\/#organization"},"potentialAction":[{"@type":"SearchAction","target":{"@type":"EntryPoint","urlTemplate":"https:\/\/www.aem.com.tr\/en\/?s={search_term_string}"},"query-input":{"@type":"PropertyValueSpecification","valueRequired":true,"valueName":"search_term_string"}}],"inLanguage":"en-US"},{"@type":"Organization","@id":"https:\/\/www.aem.com.tr\/en\/#organization","name":"AEM Laboratory","url":"https:\/\/www.aem.com.tr\/en\/","logo":{"@type":"ImageObject","inLanguage":"en-US","@id":"https:\/\/www.aem.com.tr\/en\/#\/schema\/logo\/image\/","url":"https:\/\/www.aem.com.tr\/en\/wp-content\/uploads\/2023\/10\/placeholder.webp","contentUrl":"https:\/\/www.aem.com.tr\/en\/wp-content\/uploads\/2023\/10\/placeholder.webp","width":1200,"height":900,"caption":"AEM Laboratory"},"image":{"@id":"https:\/\/www.aem.com.tr\/en\/#\/schema\/logo\/image\/"}}]}},"_links":{"self":[{"href":"https:\/\/www.aem.com.tr\/en\/wp-json\/wp\/v2\/pages\/7920","targetHints":{"allow":["GET"]}}],"collection":[{"href":"https:\/\/www.aem.com.tr\/en\/wp-json\/wp\/v2\/pages"}],"about":[{"href":"https:\/\/www.aem.com.tr\/en\/wp-json\/wp\/v2\/types\/page"}],"author":[{"embeddable":true,"href":"https:\/\/www.aem.com.tr\/en\/wp-json\/wp\/v2\/users\/1"}],"replies":[{"embeddable":true,"href":"https:\/\/www.aem.com.tr\/en\/wp-json\/wp\/v2\/comments?post=7920"}],"version-history":[{"count":2,"href":"https:\/\/www.aem.com.tr\/en\/wp-json\/wp\/v2\/pages\/7920\/revisions"}],"predecessor-version":[{"id":10350,"href":"https:\/\/www.aem.com.tr\/en\/wp-json\/wp\/v2\/pages\/7920\/revisions\/10350"}],"up":[{"embeddable":true,"href":"https:\/\/www.aem.com.tr\/en\/wp-json\/wp\/v2\/pages\/7881"}],"wp:featuredmedia":[{"embeddable":true,"href":"https:\/\/www.aem.com.tr\/en\/wp-json\/wp\/v2\/media\/8184"}],"wp:attachment":[{"href":"https:\/\/www.aem.com.tr\/en\/wp-json\/wp\/v2\/media?parent=7920"}],"curies":[{"name":"wp","href":"https:\/\/api.w.org\/{rel}","templated":true}]}}