{"id":7916,"date":"2021-07-28T16:52:52","date_gmt":"2021-07-28T13:52:52","guid":{"rendered":"https:\/\/www.aem.com.tr\/?page_id=7916"},"modified":"2024-01-03T15:22:55","modified_gmt":"2024-01-03T12:22:55","slug":"noise-measurement","status":"publish","type":"page","link":"https:\/\/www.aem.com.tr\/en\/services\/environmental-laboratory\/noise-measurement\/","title":{"rendered":"Noise Measurement"},"content":{"rendered":"<section class=\"l-section wpb_row height_custom\"><div class=\"l-section-h i-cf\"><div class=\"g-cols vc_row via_grid cols_1 laptops-cols_inherit tablets-cols_inherit mobiles-cols_1 valign_top type_default stacking_default\"><div class=\"wpb_column vc_column_container\"><div class=\"vc_column-inner\"><div class=\"g-cols wpb_row via_grid cols_2-1 laptops-cols_inherit tablets-cols_inherit mobiles-cols_1 valign_top type_default stacking_default\" style=\"--gap:3rem;\"><div class=\"wpb_column vc_column_container\"><div class=\"vc_column-inner\"><div class=\"wpb_text_column\"><div class=\"wpb_wrapper\"><p>Noise measurement is divided into two as environmental and acoustic. Noise pollution is controlled by the Regulation on the Assessment and Management of Environmental Noise within the scope of environmental legislation.<\/p>\n<p>Environmental noise measurements are carried out in workplaces, workshops and entertainment places. Environmental noise measurements are carried out in order to obtain live music permits or to evaluate complaints made to municipalities. Environmental noise measurements are usually requested by municipalities, in some cases the provincial directorate of environment and urbanization or the Ministry of Environment and Urbanization may also request these measurements.<\/p>\n<\/div><\/div><\/div><\/div><div class=\"wpb_column vc_column_container\"><div class=\"vc_column-inner\"><div class=\"w-image align_none\"><div class=\"w-image-h\"><img decoding=\"async\" width=\"2000\" height=\"1126\" src=\"https:\/\/www.aem.com.tr\/en\/wp-content\/uploads\/2021\/07\/gurultu-olcumleri.jpg\" class=\"attachment-full size-full\" alt=\"G\u00fcr\u00fclt\u00fc \u00d6l\u00e7\u00fcmleri\" loading=\"lazy\" srcset=\"https:\/\/www.aem.com.tr\/en\/wp-content\/uploads\/2021\/07\/gurultu-olcumleri.jpg 2000w, https:\/\/www.aem.com.tr\/en\/wp-content\/uploads\/2021\/07\/gurultu-olcumleri-300x169.jpg 300w, https:\/\/www.aem.com.tr\/en\/wp-content\/uploads\/2021\/07\/gurultu-olcumleri-1024x577.jpg 1024w\" sizes=\"auto, (max-width: 2000px) 100vw, 2000px\" \/><\/div><\/div><\/div><\/div><\/div><div class=\"w-separator size_small\"><\/div><div class=\"wpb_text_column\"><div class=\"wpb_wrapper\"><p>Acoustic noise measurements are mostly requested from enterprises such as large-scale factories, crushing and screening plants. Within the scope of the Environmental Permit and License Regulation, acoustic noise measurements must be made in the enterprises where noise measurements are requested during the environmental permit. Acoustic measurement may also be requested by the provincial directorates of environment and urbanization when evaluating complaints received by some businesses not included in the scope. In cases where acoustic measurement cannot be taken technically, environmental noise measurement is performed.<\/p>\n<p>The reports of laboratories authorized by the Ministry of Environment and Urbanization are valid for noise measurement. Launched in 2019, the MELBES system collects acoustic noise measurement requests to be made within the scope of environmental permits. MELBES assigns the received requests to authorized laboratories. Acoustic noise measurements to be carried out within the scope of EIA are excluded from the scope of MELBES. Environmental noise measurements made in the event of a complaint for workplace opening and operation license, live music license of entertainment venues or workshops are excluded from the scope of MELBES. AEM Laboratory can be contacted for environmental noise measurement or acoustic noise measurement within the scope of EIA and T\u00fcrkak.<\/p>\n<p>AEM Laboratory is an organization authorized by the Ministry of Environment and Urbanization and accredited by T\u00fcrkak for noise measurement with its expert staff, technical facilities and quality service.<\/p>\n<\/div><\/div><\/div><\/div><\/div><\/div><\/section>\n","protected":false},"excerpt":{"rendered":"Noise measurement is divided into two as environmental and acoustic. Noise pollution is controlled by the Regulation on the Assessment and Management of Environmental Noise within the scope of environmental legislation. Environmental noise measurements are carried out in workplaces, workshops and entertainment places. Environmental noise measurements are carried out in order to obtain live music...","protected":false},"author":1,"featured_media":8148,"parent":7881,"menu_order":0,"comment_status":"closed","ping_status":"closed","template":"","meta":{"_acf_changed":false,"footnotes":""},"class_list":["post-7916","page","type-page","status-publish","has-post-thumbnail","hentry"],"acf":[],"yoast_head":"<!-- This site is optimized with the Yoast SEO plugin v25.2 - https:\/\/yoast.com\/wordpress\/plugins\/seo\/ -->\n<title>Noise Measurement - AEM Laboratuvar\u0131<\/title>\n<meta name=\"robots\" content=\"index, follow, max-snippet:-1, max-image-preview:large, max-video-preview:-1\" \/>\n<link rel=\"canonical\" href=\"https:\/\/www.aem.com.tr\/en\/services\/environmental-laboratory\/noise-measurement\/\" \/>\n<meta property=\"og:locale\" content=\"en_US\" \/>\n<meta property=\"og:type\" content=\"article\" \/>\n<meta property=\"og:title\" content=\"Noise Measurement - AEM Laboratuvar\u0131\" \/>\n<meta property=\"og:url\" content=\"https:\/\/www.aem.com.tr\/en\/services\/environmental-laboratory\/noise-measurement\/\" \/>\n<meta property=\"og:site_name\" content=\"AEM Laboratory\" \/>\n<meta property=\"article:modified_time\" content=\"2024-01-03T12:22:55+00:00\" \/>\n<meta property=\"og:image\" content=\"https:\/\/www.aem.com.tr\/en\/wp-content\/uploads\/2021\/07\/gurultu-olcumleri-2.jpg\" \/>\n\t<meta property=\"og:image:width\" content=\"2000\" \/>\n\t<meta property=\"og:image:height\" content=\"1334\" \/>\n\t<meta property=\"og:image:type\" content=\"image\/jpeg\" \/>\n<meta name=\"twitter:card\" content=\"summary_large_image\" \/>\n<meta name=\"twitter:label1\" content=\"Est. reading time\" \/>\n\t<meta name=\"twitter:data1\" content=\"2 minutes\" \/>\n<script type=\"application\/ld+json\" class=\"yoast-schema-graph\">{\"@context\":\"https:\/\/schema.org\",\"@graph\":[{\"@type\":\"WebPage\",\"@id\":\"https:\/\/www.aem.com.tr\/en\/services\/environmental-laboratory\/noise-measurement\/\",\"url\":\"https:\/\/www.aem.com.tr\/en\/services\/environmental-laboratory\/noise-measurement\/\",\"name\":\"Noise Measurement - AEM Laboratuvar\u0131\",\"isPartOf\":{\"@id\":\"https:\/\/www.aem.com.tr\/en\/#website\"},\"primaryImageOfPage\":{\"@id\":\"https:\/\/www.aem.com.tr\/en\/services\/environmental-laboratory\/noise-measurement\/#primaryimage\"},\"image\":{\"@id\":\"https:\/\/www.aem.com.tr\/en\/services\/environmental-laboratory\/noise-measurement\/#primaryimage\"},\"thumbnailUrl\":\"https:\/\/www.aem.com.tr\/en\/wp-content\/uploads\/2021\/07\/gurultu-olcumleri-2.jpg\",\"datePublished\":\"2021-07-28T13:52:52+00:00\",\"dateModified\":\"2024-01-03T12:22:55+00:00\",\"breadcrumb\":{\"@id\":\"https:\/\/www.aem.com.tr\/en\/services\/environmental-laboratory\/noise-measurement\/#breadcrumb\"},\"inLanguage\":\"en-US\",\"potentialAction\":[{\"@type\":\"ReadAction\",\"target\":[\"https:\/\/www.aem.com.tr\/en\/services\/environmental-laboratory\/noise-measurement\/\"]}]},{\"@type\":\"ImageObject\",\"inLanguage\":\"en-US\",\"@id\":\"https:\/\/www.aem.com.tr\/en\/services\/environmental-laboratory\/noise-measurement\/#primaryimage\",\"url\":\"https:\/\/www.aem.com.tr\/en\/wp-content\/uploads\/2021\/07\/gurultu-olcumleri-2.jpg\",\"contentUrl\":\"https:\/\/www.aem.com.tr\/en\/wp-content\/uploads\/2021\/07\/gurultu-olcumleri-2.jpg\",\"width\":2000,\"height\":1334,\"caption\":\"G\u00fcr\u00fclt\u00fc \u00d6l\u00e7\u00fcmleri\"},{\"@type\":\"BreadcrumbList\",\"@id\":\"https:\/\/www.aem.com.tr\/en\/services\/environmental-laboratory\/noise-measurement\/#breadcrumb\",\"itemListElement\":[{\"@type\":\"ListItem\",\"position\":1,\"name\":\"Home\",\"item\":\"https:\/\/www.aem.com.tr\/en\/\"},{\"@type\":\"ListItem\",\"position\":2,\"name\":\"Services\",\"item\":\"https:\/\/www.aem.com.tr\/en\/services\/\"},{\"@type\":\"ListItem\",\"position\":3,\"name\":\"Environmental Laboratory\",\"item\":\"https:\/\/www.aem.com.tr\/en\/services\/environmental-laboratory\/\"},{\"@type\":\"ListItem\",\"position\":4,\"name\":\"Noise Measurement\"}]},{\"@type\":\"WebSite\",\"@id\":\"https:\/\/www.aem.com.tr\/en\/#website\",\"url\":\"https:\/\/www.aem.com.tr\/en\/\",\"name\":\"AEM Laboratory\",\"description\":\"\",\"publisher\":{\"@id\":\"https:\/\/www.aem.com.tr\/en\/#organization\"},\"potentialAction\":[{\"@type\":\"SearchAction\",\"target\":{\"@type\":\"EntryPoint\",\"urlTemplate\":\"https:\/\/www.aem.com.tr\/en\/?s={search_term_string}\"},\"query-input\":{\"@type\":\"PropertyValueSpecification\",\"valueRequired\":true,\"valueName\":\"search_term_string\"}}],\"inLanguage\":\"en-US\"},{\"@type\":\"Organization\",\"@id\":\"https:\/\/www.aem.com.tr\/en\/#organization\",\"name\":\"AEM Laboratory\",\"url\":\"https:\/\/www.aem.com.tr\/en\/\",\"logo\":{\"@type\":\"ImageObject\",\"inLanguage\":\"en-US\",\"@id\":\"https:\/\/www.aem.com.tr\/en\/#\/schema\/logo\/image\/\",\"url\":\"https:\/\/www.aem.com.tr\/en\/wp-content\/uploads\/2023\/10\/placeholder.webp\",\"contentUrl\":\"https:\/\/www.aem.com.tr\/en\/wp-content\/uploads\/2023\/10\/placeholder.webp\",\"width\":1200,\"height\":900,\"caption\":\"AEM Laboratory\"},\"image\":{\"@id\":\"https:\/\/www.aem.com.tr\/en\/#\/schema\/logo\/image\/\"}}]}<\/script>\n<!-- \/ Yoast SEO plugin. -->","yoast_head_json":{"title":"Noise Measurement - AEM Laboratuvar\u0131","robots":{"index":"index","follow":"follow","max-snippet":"max-snippet:-1","max-image-preview":"max-image-preview:large","max-video-preview":"max-video-preview:-1"},"canonical":"https:\/\/www.aem.com.tr\/en\/services\/environmental-laboratory\/noise-measurement\/","og_locale":"en_US","og_type":"article","og_title":"Noise Measurement - AEM Laboratuvar\u0131","og_url":"https:\/\/www.aem.com.tr\/en\/services\/environmental-laboratory\/noise-measurement\/","og_site_name":"AEM Laboratory","article_modified_time":"2024-01-03T12:22:55+00:00","og_image":[{"width":2000,"height":1334,"url":"https:\/\/www.aem.com.tr\/en\/wp-content\/uploads\/2021\/07\/gurultu-olcumleri-2.jpg","type":"image\/jpeg"}],"twitter_card":"summary_large_image","twitter_misc":{"Est. reading time":"2 minutes"},"schema":{"@context":"https:\/\/schema.org","@graph":[{"@type":"WebPage","@id":"https:\/\/www.aem.com.tr\/en\/services\/environmental-laboratory\/noise-measurement\/","url":"https:\/\/www.aem.com.tr\/en\/services\/environmental-laboratory\/noise-measurement\/","name":"Noise Measurement - AEM Laboratuvar\u0131","isPartOf":{"@id":"https:\/\/www.aem.com.tr\/en\/#website"},"primaryImageOfPage":{"@id":"https:\/\/www.aem.com.tr\/en\/services\/environmental-laboratory\/noise-measurement\/#primaryimage"},"image":{"@id":"https:\/\/www.aem.com.tr\/en\/services\/environmental-laboratory\/noise-measurement\/#primaryimage"},"thumbnailUrl":"https:\/\/www.aem.com.tr\/en\/wp-content\/uploads\/2021\/07\/gurultu-olcumleri-2.jpg","datePublished":"2021-07-28T13:52:52+00:00","dateModified":"2024-01-03T12:22:55+00:00","breadcrumb":{"@id":"https:\/\/www.aem.com.tr\/en\/services\/environmental-laboratory\/noise-measurement\/#breadcrumb"},"inLanguage":"en-US","potentialAction":[{"@type":"ReadAction","target":["https:\/\/www.aem.com.tr\/en\/services\/environmental-laboratory\/noise-measurement\/"]}]},{"@type":"ImageObject","inLanguage":"en-US","@id":"https:\/\/www.aem.com.tr\/en\/services\/environmental-laboratory\/noise-measurement\/#primaryimage","url":"https:\/\/www.aem.com.tr\/en\/wp-content\/uploads\/2021\/07\/gurultu-olcumleri-2.jpg","contentUrl":"https:\/\/www.aem.com.tr\/en\/wp-content\/uploads\/2021\/07\/gurultu-olcumleri-2.jpg","width":2000,"height":1334,"caption":"G\u00fcr\u00fclt\u00fc \u00d6l\u00e7\u00fcmleri"},{"@type":"BreadcrumbList","@id":"https:\/\/www.aem.com.tr\/en\/services\/environmental-laboratory\/noise-measurement\/#breadcrumb","itemListElement":[{"@type":"ListItem","position":1,"name":"Home","item":"https:\/\/www.aem.com.tr\/en\/"},{"@type":"ListItem","position":2,"name":"Services","item":"https:\/\/www.aem.com.tr\/en\/services\/"},{"@type":"ListItem","position":3,"name":"Environmental Laboratory","item":"https:\/\/www.aem.com.tr\/en\/services\/environmental-laboratory\/"},{"@type":"ListItem","position":4,"name":"Noise Measurement"}]},{"@type":"WebSite","@id":"https:\/\/www.aem.com.tr\/en\/#website","url":"https:\/\/www.aem.com.tr\/en\/","name":"AEM Laboratory","description":"","publisher":{"@id":"https:\/\/www.aem.com.tr\/en\/#organization"},"potentialAction":[{"@type":"SearchAction","target":{"@type":"EntryPoint","urlTemplate":"https:\/\/www.aem.com.tr\/en\/?s={search_term_string}"},"query-input":{"@type":"PropertyValueSpecification","valueRequired":true,"valueName":"search_term_string"}}],"inLanguage":"en-US"},{"@type":"Organization","@id":"https:\/\/www.aem.com.tr\/en\/#organization","name":"AEM Laboratory","url":"https:\/\/www.aem.com.tr\/en\/","logo":{"@type":"ImageObject","inLanguage":"en-US","@id":"https:\/\/www.aem.com.tr\/en\/#\/schema\/logo\/image\/","url":"https:\/\/www.aem.com.tr\/en\/wp-content\/uploads\/2023\/10\/placeholder.webp","contentUrl":"https:\/\/www.aem.com.tr\/en\/wp-content\/uploads\/2023\/10\/placeholder.webp","width":1200,"height":900,"caption":"AEM Laboratory"},"image":{"@id":"https:\/\/www.aem.com.tr\/en\/#\/schema\/logo\/image\/"}}]}},"_links":{"self":[{"href":"https:\/\/www.aem.com.tr\/en\/wp-json\/wp\/v2\/pages\/7916","targetHints":{"allow":["GET"]}}],"collection":[{"href":"https:\/\/www.aem.com.tr\/en\/wp-json\/wp\/v2\/pages"}],"about":[{"href":"https:\/\/www.aem.com.tr\/en\/wp-json\/wp\/v2\/types\/page"}],"author":[{"embeddable":true,"href":"https:\/\/www.aem.com.tr\/en\/wp-json\/wp\/v2\/users\/1"}],"replies":[{"embeddable":true,"href":"https:\/\/www.aem.com.tr\/en\/wp-json\/wp\/v2\/comments?post=7916"}],"version-history":[{"count":2,"href":"https:\/\/www.aem.com.tr\/en\/wp-json\/wp\/v2\/pages\/7916\/revisions"}],"predecessor-version":[{"id":10346,"href":"https:\/\/www.aem.com.tr\/en\/wp-json\/wp\/v2\/pages\/7916\/revisions\/10346"}],"up":[{"embeddable":true,"href":"https:\/\/www.aem.com.tr\/en\/wp-json\/wp\/v2\/pages\/7881"}],"wp:featuredmedia":[{"embeddable":true,"href":"https:\/\/www.aem.com.tr\/en\/wp-json\/wp\/v2\/media\/8148"}],"wp:attachment":[{"href":"https:\/\/www.aem.com.tr\/en\/wp-json\/wp\/v2\/media?parent=7916"}],"curies":[{"name":"wp","href":"https:\/\/api.w.org\/{rel}","templated":true}]}}