{"id":7908,"date":"2021-07-28T16:50:17","date_gmt":"2021-07-28T13:50:17","guid":{"rendered":"https:\/\/www.aem.com.tr\/?page_id=7908"},"modified":"2024-01-03T15:12:34","modified_gmt":"2024-01-03T12:12:34","slug":"flow-measurement","status":"publish","type":"page","link":"https:\/\/www.aem.com.tr\/en\/services\/environmental-laboratory\/flow-measurement\/","title":{"rendered":"Flow Measurement"},"content":{"rendered":"<section class=\"l-section wpb_row height_custom\"><div class=\"l-section-h i-cf\"><div class=\"g-cols vc_row via_grid cols_1 laptops-cols_inherit tablets-cols_inherit mobiles-cols_1 valign_top type_default stacking_default\"><div class=\"wpb_column vc_column_container\"><div class=\"vc_column-inner\"><div class=\"g-cols wpb_row via_grid cols_2-1 laptops-cols_inherit tablets-cols_inherit mobiles-cols_1 valign_top type_default stacking_default\" style=\"--gap:3rem;\"><div class=\"wpb_column vc_column_container us_custom_432d3f53\"><div class=\"vc_column-inner\"><div class=\"wpb_text_column\"><div class=\"wpb_wrapper\"><p>Flow measurement is carried out in surface waters such as streams and rivers. In rivers; flow, velocity, depth and cross-section measurements are made. Separate equipment must be used for shallow and deep waters. Flow measurement services are usually provided for hydrological monitoring within the scope of public tenders.<\/p>\n<p>AEM Laboratory can perform flow measurements in all types of streams and rivers with Teledyne RiverRAY ADCP and dwarf muline inventories. Acoustic doppler measurements are mostly performed in deep and wide rivers, while dwarf muline measurements are performed in narrow and shallow rivers.<\/p>\n<p>AEM Laboratory provides flow measurement services throughout Turkey with its past project experiences, hydrologist staff, technical facilities and quality service.<\/p>\n<\/div><\/div><\/div><\/div><div class=\"wpb_column vc_column_container\"><div class=\"vc_column-inner\"><div class=\"w-image style_shadow-1 align_none\"><div class=\"w-image-h\"><img decoding=\"async\" width=\"1000\" height=\"667\" src=\"https:\/\/www.aem.com.tr\/en\/wp-content\/uploads\/2021\/07\/debi-olcumu-2.jpg\" class=\"attachment-full size-full\" alt=\"Debi \u00d6l\u00e7\u00fcm\u00fc\" loading=\"lazy\" srcset=\"https:\/\/www.aem.com.tr\/en\/wp-content\/uploads\/2021\/07\/debi-olcumu-2.jpg 1000w, https:\/\/www.aem.com.tr\/en\/wp-content\/uploads\/2021\/07\/debi-olcumu-2-300x200.jpg 300w\" sizes=\"auto, (max-width: 1000px) 100vw, 1000px\" \/><\/div><\/div><\/div><\/div><\/div><div class=\"w-separator size_small\"><\/div><div class=\"g-cols wpb_row via_grid cols_2 laptops-cols_inherit tablets-cols_inherit mobiles-cols_1 valign_top type_default stacking_default\" style=\"--gap:3rem;\"><div class=\"wpb_column vc_column_container\"><div class=\"vc_column-inner\"><div class=\"w-image align_none\"><div class=\"w-image-h\"><img decoding=\"async\" width=\"900\" height=\"600\" src=\"https:\/\/www.aem.com.tr\/en\/wp-content\/uploads\/2021\/07\/debi-olcumu-cuce-muline.jpg\" class=\"attachment-full size-full\" alt=\"\" loading=\"lazy\" srcset=\"https:\/\/www.aem.com.tr\/en\/wp-content\/uploads\/2021\/07\/debi-olcumu-cuce-muline.jpg 900w, https:\/\/www.aem.com.tr\/en\/wp-content\/uploads\/2021\/07\/debi-olcumu-cuce-muline-300x200.jpg 300w\" sizes=\"auto, (max-width: 900px) 100vw, 900px\" \/><\/div><\/div><\/div><\/div><div class=\"wpb_column vc_column_container\"><div class=\"vc_column-inner\"><div class=\"w-image style_shadow-1 align_none\"><div class=\"w-image-h\"><img decoding=\"async\" width=\"900\" height=\"600\" src=\"https:\/\/www.aem.com.tr\/en\/wp-content\/uploads\/2021\/07\/debi-olcumu-4.jpg\" class=\"attachment-full size-full\" alt=\"Debi \u00d6l\u00e7\u00fcm\u00fc\" loading=\"lazy\" srcset=\"https:\/\/www.aem.com.tr\/en\/wp-content\/uploads\/2021\/07\/debi-olcumu-4.jpg 900w, https:\/\/www.aem.com.tr\/en\/wp-content\/uploads\/2021\/07\/debi-olcumu-4-300x200.jpg 300w\" sizes=\"auto, (max-width: 900px) 100vw, 900px\" \/><\/div><\/div><\/div><\/div><\/div><\/div><\/div><\/div><\/div><\/section>\n","protected":false},"excerpt":{"rendered":"Flow measurement is carried out in surface waters such as streams and rivers. In rivers; flow, velocity, depth and cross-section measurements are made. Separate equipment must be used for shallow and deep waters. Flow measurement services are usually provided for hydrological monitoring within the scope of public tenders. AEM Laboratory can perform flow measurements in...","protected":false},"author":1,"featured_media":8367,"parent":7881,"menu_order":0,"comment_status":"closed","ping_status":"closed","template":"","meta":{"_acf_changed":false,"footnotes":""},"class_list":["post-7908","page","type-page","status-publish","has-post-thumbnail","hentry"],"acf":[],"yoast_head":"<!-- This site is optimized with the Yoast SEO plugin v25.2 - https:\/\/yoast.com\/wordpress\/plugins\/seo\/ -->\n<title>Flow Measurement - AEM Laboratuvar\u0131<\/title>\n<meta name=\"robots\" content=\"index, follow, max-snippet:-1, max-image-preview:large, max-video-preview:-1\" \/>\n<link rel=\"canonical\" href=\"https:\/\/www.aem.com.tr\/en\/services\/environmental-laboratory\/flow-measurement\/\" \/>\n<meta property=\"og:locale\" content=\"en_US\" \/>\n<meta property=\"og:type\" content=\"article\" \/>\n<meta property=\"og:title\" content=\"Flow Measurement - AEM Laboratuvar\u0131\" \/>\n<meta property=\"og:url\" content=\"https:\/\/www.aem.com.tr\/en\/services\/environmental-laboratory\/flow-measurement\/\" \/>\n<meta property=\"og:site_name\" content=\"AEM Laboratory\" \/>\n<meta property=\"article:modified_time\" content=\"2024-01-03T12:12:34+00:00\" \/>\n<meta property=\"og:image\" content=\"https:\/\/www.aem.com.tr\/en\/wp-content\/uploads\/2021\/08\/Debi-Olcumu-Gorsel.jpg\" \/>\n\t<meta property=\"og:image:width\" content=\"1000\" \/>\n\t<meta property=\"og:image:height\" content=\"640\" \/>\n\t<meta property=\"og:image:type\" content=\"image\/jpeg\" \/>\n<meta name=\"twitter:card\" content=\"summary_large_image\" \/>\n<meta name=\"twitter:label1\" content=\"Est. reading time\" \/>\n\t<meta name=\"twitter:data1\" content=\"1 minute\" \/>\n<script type=\"application\/ld+json\" class=\"yoast-schema-graph\">{\"@context\":\"https:\/\/schema.org\",\"@graph\":[{\"@type\":\"WebPage\",\"@id\":\"https:\/\/www.aem.com.tr\/en\/services\/environmental-laboratory\/flow-measurement\/\",\"url\":\"https:\/\/www.aem.com.tr\/en\/services\/environmental-laboratory\/flow-measurement\/\",\"name\":\"Flow Measurement - AEM Laboratuvar\u0131\",\"isPartOf\":{\"@id\":\"https:\/\/www.aem.com.tr\/en\/#website\"},\"primaryImageOfPage\":{\"@id\":\"https:\/\/www.aem.com.tr\/en\/services\/environmental-laboratory\/flow-measurement\/#primaryimage\"},\"image\":{\"@id\":\"https:\/\/www.aem.com.tr\/en\/services\/environmental-laboratory\/flow-measurement\/#primaryimage\"},\"thumbnailUrl\":\"https:\/\/www.aem.com.tr\/en\/wp-content\/uploads\/2021\/08\/Debi-Olcumu-Gorsel.jpg\",\"datePublished\":\"2021-07-28T13:50:17+00:00\",\"dateModified\":\"2024-01-03T12:12:34+00:00\",\"breadcrumb\":{\"@id\":\"https:\/\/www.aem.com.tr\/en\/services\/environmental-laboratory\/flow-measurement\/#breadcrumb\"},\"inLanguage\":\"en-US\",\"potentialAction\":[{\"@type\":\"ReadAction\",\"target\":[\"https:\/\/www.aem.com.tr\/en\/services\/environmental-laboratory\/flow-measurement\/\"]}]},{\"@type\":\"ImageObject\",\"inLanguage\":\"en-US\",\"@id\":\"https:\/\/www.aem.com.tr\/en\/services\/environmental-laboratory\/flow-measurement\/#primaryimage\",\"url\":\"https:\/\/www.aem.com.tr\/en\/wp-content\/uploads\/2021\/08\/Debi-Olcumu-Gorsel.jpg\",\"contentUrl\":\"https:\/\/www.aem.com.tr\/en\/wp-content\/uploads\/2021\/08\/Debi-Olcumu-Gorsel.jpg\",\"width\":1000,\"height\":640},{\"@type\":\"BreadcrumbList\",\"@id\":\"https:\/\/www.aem.com.tr\/en\/services\/environmental-laboratory\/flow-measurement\/#breadcrumb\",\"itemListElement\":[{\"@type\":\"ListItem\",\"position\":1,\"name\":\"Home\",\"item\":\"https:\/\/www.aem.com.tr\/en\/\"},{\"@type\":\"ListItem\",\"position\":2,\"name\":\"Services\",\"item\":\"https:\/\/www.aem.com.tr\/en\/services\/\"},{\"@type\":\"ListItem\",\"position\":3,\"name\":\"Environmental Laboratory\",\"item\":\"https:\/\/www.aem.com.tr\/en\/services\/environmental-laboratory\/\"},{\"@type\":\"ListItem\",\"position\":4,\"name\":\"Flow Measurement\"}]},{\"@type\":\"WebSite\",\"@id\":\"https:\/\/www.aem.com.tr\/en\/#website\",\"url\":\"https:\/\/www.aem.com.tr\/en\/\",\"name\":\"AEM Laboratory\",\"description\":\"\",\"publisher\":{\"@id\":\"https:\/\/www.aem.com.tr\/en\/#organization\"},\"potentialAction\":[{\"@type\":\"SearchAction\",\"target\":{\"@type\":\"EntryPoint\",\"urlTemplate\":\"https:\/\/www.aem.com.tr\/en\/?s={search_term_string}\"},\"query-input\":{\"@type\":\"PropertyValueSpecification\",\"valueRequired\":true,\"valueName\":\"search_term_string\"}}],\"inLanguage\":\"en-US\"},{\"@type\":\"Organization\",\"@id\":\"https:\/\/www.aem.com.tr\/en\/#organization\",\"name\":\"AEM Laboratory\",\"url\":\"https:\/\/www.aem.com.tr\/en\/\",\"logo\":{\"@type\":\"ImageObject\",\"inLanguage\":\"en-US\",\"@id\":\"https:\/\/www.aem.com.tr\/en\/#\/schema\/logo\/image\/\",\"url\":\"https:\/\/www.aem.com.tr\/en\/wp-content\/uploads\/2023\/10\/placeholder.webp\",\"contentUrl\":\"https:\/\/www.aem.com.tr\/en\/wp-content\/uploads\/2023\/10\/placeholder.webp\",\"width\":1200,\"height\":900,\"caption\":\"AEM Laboratory\"},\"image\":{\"@id\":\"https:\/\/www.aem.com.tr\/en\/#\/schema\/logo\/image\/\"}}]}<\/script>\n<!-- \/ Yoast SEO plugin. -->","yoast_head_json":{"title":"Flow Measurement - AEM Laboratuvar\u0131","robots":{"index":"index","follow":"follow","max-snippet":"max-snippet:-1","max-image-preview":"max-image-preview:large","max-video-preview":"max-video-preview:-1"},"canonical":"https:\/\/www.aem.com.tr\/en\/services\/environmental-laboratory\/flow-measurement\/","og_locale":"en_US","og_type":"article","og_title":"Flow Measurement - AEM Laboratuvar\u0131","og_url":"https:\/\/www.aem.com.tr\/en\/services\/environmental-laboratory\/flow-measurement\/","og_site_name":"AEM Laboratory","article_modified_time":"2024-01-03T12:12:34+00:00","og_image":[{"width":1000,"height":640,"url":"https:\/\/www.aem.com.tr\/en\/wp-content\/uploads\/2021\/08\/Debi-Olcumu-Gorsel.jpg","type":"image\/jpeg"}],"twitter_card":"summary_large_image","twitter_misc":{"Est. reading time":"1 minute"},"schema":{"@context":"https:\/\/schema.org","@graph":[{"@type":"WebPage","@id":"https:\/\/www.aem.com.tr\/en\/services\/environmental-laboratory\/flow-measurement\/","url":"https:\/\/www.aem.com.tr\/en\/services\/environmental-laboratory\/flow-measurement\/","name":"Flow Measurement - AEM Laboratuvar\u0131","isPartOf":{"@id":"https:\/\/www.aem.com.tr\/en\/#website"},"primaryImageOfPage":{"@id":"https:\/\/www.aem.com.tr\/en\/services\/environmental-laboratory\/flow-measurement\/#primaryimage"},"image":{"@id":"https:\/\/www.aem.com.tr\/en\/services\/environmental-laboratory\/flow-measurement\/#primaryimage"},"thumbnailUrl":"https:\/\/www.aem.com.tr\/en\/wp-content\/uploads\/2021\/08\/Debi-Olcumu-Gorsel.jpg","datePublished":"2021-07-28T13:50:17+00:00","dateModified":"2024-01-03T12:12:34+00:00","breadcrumb":{"@id":"https:\/\/www.aem.com.tr\/en\/services\/environmental-laboratory\/flow-measurement\/#breadcrumb"},"inLanguage":"en-US","potentialAction":[{"@type":"ReadAction","target":["https:\/\/www.aem.com.tr\/en\/services\/environmental-laboratory\/flow-measurement\/"]}]},{"@type":"ImageObject","inLanguage":"en-US","@id":"https:\/\/www.aem.com.tr\/en\/services\/environmental-laboratory\/flow-measurement\/#primaryimage","url":"https:\/\/www.aem.com.tr\/en\/wp-content\/uploads\/2021\/08\/Debi-Olcumu-Gorsel.jpg","contentUrl":"https:\/\/www.aem.com.tr\/en\/wp-content\/uploads\/2021\/08\/Debi-Olcumu-Gorsel.jpg","width":1000,"height":640},{"@type":"BreadcrumbList","@id":"https:\/\/www.aem.com.tr\/en\/services\/environmental-laboratory\/flow-measurement\/#breadcrumb","itemListElement":[{"@type":"ListItem","position":1,"name":"Home","item":"https:\/\/www.aem.com.tr\/en\/"},{"@type":"ListItem","position":2,"name":"Services","item":"https:\/\/www.aem.com.tr\/en\/services\/"},{"@type":"ListItem","position":3,"name":"Environmental Laboratory","item":"https:\/\/www.aem.com.tr\/en\/services\/environmental-laboratory\/"},{"@type":"ListItem","position":4,"name":"Flow Measurement"}]},{"@type":"WebSite","@id":"https:\/\/www.aem.com.tr\/en\/#website","url":"https:\/\/www.aem.com.tr\/en\/","name":"AEM Laboratory","description":"","publisher":{"@id":"https:\/\/www.aem.com.tr\/en\/#organization"},"potentialAction":[{"@type":"SearchAction","target":{"@type":"EntryPoint","urlTemplate":"https:\/\/www.aem.com.tr\/en\/?s={search_term_string}"},"query-input":{"@type":"PropertyValueSpecification","valueRequired":true,"valueName":"search_term_string"}}],"inLanguage":"en-US"},{"@type":"Organization","@id":"https:\/\/www.aem.com.tr\/en\/#organization","name":"AEM Laboratory","url":"https:\/\/www.aem.com.tr\/en\/","logo":{"@type":"ImageObject","inLanguage":"en-US","@id":"https:\/\/www.aem.com.tr\/en\/#\/schema\/logo\/image\/","url":"https:\/\/www.aem.com.tr\/en\/wp-content\/uploads\/2023\/10\/placeholder.webp","contentUrl":"https:\/\/www.aem.com.tr\/en\/wp-content\/uploads\/2023\/10\/placeholder.webp","width":1200,"height":900,"caption":"AEM Laboratory"},"image":{"@id":"https:\/\/www.aem.com.tr\/en\/#\/schema\/logo\/image\/"}}]}},"_links":{"self":[{"href":"https:\/\/www.aem.com.tr\/en\/wp-json\/wp\/v2\/pages\/7908","targetHints":{"allow":["GET"]}}],"collection":[{"href":"https:\/\/www.aem.com.tr\/en\/wp-json\/wp\/v2\/pages"}],"about":[{"href":"https:\/\/www.aem.com.tr\/en\/wp-json\/wp\/v2\/types\/page"}],"author":[{"embeddable":true,"href":"https:\/\/www.aem.com.tr\/en\/wp-json\/wp\/v2\/users\/1"}],"replies":[{"embeddable":true,"href":"https:\/\/www.aem.com.tr\/en\/wp-json\/wp\/v2\/comments?post=7908"}],"version-history":[{"count":1,"href":"https:\/\/www.aem.com.tr\/en\/wp-json\/wp\/v2\/pages\/7908\/revisions"}],"predecessor-version":[{"id":10342,"href":"https:\/\/www.aem.com.tr\/en\/wp-json\/wp\/v2\/pages\/7908\/revisions\/10342"}],"up":[{"embeddable":true,"href":"https:\/\/www.aem.com.tr\/en\/wp-json\/wp\/v2\/pages\/7881"}],"wp:featuredmedia":[{"embeddable":true,"href":"https:\/\/www.aem.com.tr\/en\/wp-json\/wp\/v2\/media\/8367"}],"wp:attachment":[{"href":"https:\/\/www.aem.com.tr\/en\/wp-json\/wp\/v2\/media?parent=7908"}],"curies":[{"name":"wp","href":"https:\/\/api.w.org\/{rel}","templated":true}]}}