{"id":7897,"date":"2021-07-28T16:42:59","date_gmt":"2021-07-28T13:42:59","guid":{"rendered":"https:\/\/www.aem.com.tr\/?page_id=7897"},"modified":"2024-01-03T14:23:09","modified_gmt":"2024-01-03T11:23:09","slug":"flue-gas-measurement","status":"publish","type":"page","link":"https:\/\/www.aem.com.tr\/en\/services\/environmental-laboratory\/flue-gas-measurement\/","title":{"rendered":"Flue Gas Measurement"},"content":{"rendered":"<section class=\"l-section wpb_row height_custom\"><div class=\"l-section-h i-cf\"><div class=\"g-cols vc_row via_grid cols_1 laptops-cols_inherit tablets-cols_inherit mobiles-cols_1 valign_top type_default stacking_default\"><div class=\"wpb_column vc_column_container\"><div class=\"vc_column-inner\"><div class=\"g-cols wpb_row via_grid cols_2-1 laptops-cols_inherit tablets-cols_inherit mobiles-cols_1 valign_top type_default stacking_default\" style=\"--gap:3rem;\"><div class=\"wpb_column vc_column_container\"><div class=\"vc_column-inner\"><div class=\"wpb_text_column us_custom_432d3f53\"><div class=\"wpb_wrapper\"><p>Flue gas measurement, also known as emission measurement, is a measurement or sampling and analysis process usually carried out on the roofs of industrial facilities or independently rising chimneys. Emission confirmation measurements must be repeated at the environmental permit stage and then routinely every 2 years.<\/p>\n<p>Flue gas measurement within the scope of the Regulation on the Control of Industrial Air Pollution is carried out in the chimneys where the gases that accumulate within the enterprise, which may cause pollution, are discharged. In the Regulation, various chemical pollutants and their corresponding limit values are given in Annex-1 and Annex-5. If the pollutant with a limit value is present in the enterprise and discharged as gas through the chimney, it must be proved with the measurement report that the pollutant meets the limit value in this chimney.<\/p>\n<\/div><\/div><\/div><\/div><div class=\"wpb_column vc_column_container\"><div class=\"vc_column-inner\"><div class=\"w-image align_none\"><div class=\"w-image-h\"><img decoding=\"async\" width=\"2000\" height=\"1334\" src=\"https:\/\/www.aem.com.tr\/en\/wp-content\/uploads\/2021\/07\/baca-gazi-olcumu.jpg\" class=\"attachment-full size-full\" alt=\"Baca Gaz\u0131 \u00d6l\u00e7\u00fcm\u00fc\" loading=\"lazy\" srcset=\"https:\/\/www.aem.com.tr\/en\/wp-content\/uploads\/2021\/07\/baca-gazi-olcumu.jpg 2000w, https:\/\/www.aem.com.tr\/en\/wp-content\/uploads\/2021\/07\/baca-gazi-olcumu-300x200.jpg 300w, https:\/\/www.aem.com.tr\/en\/wp-content\/uploads\/2021\/07\/baca-gazi-olcumu-1024x683.jpg 1024w\" sizes=\"auto, (max-width: 2000px) 100vw, 2000px\" \/><\/div><\/div><\/div><\/div><\/div><div class=\"w-separator size_small\"><\/div><div class=\"wpb_text_column us_custom_432d3f53\"><div class=\"wpb_wrapper\"><p>There may be chimneys that need to be modified before measurement. Some of the modifications that can be made to meet the conditions specified in the Regulation on the Control of Industrial Air Pollution and measurement standards are opening sampling holes, increasing the length of the hat if there is a direct chimney or a hat on the chimney. In chimneys where it is unsafe to access the measurement point, different methods can be used to reach the sampling holes. For example; setting up a walkway, measurement platform or mobile scaffolding in the area where access will be provided, renting a crane&#8230;<\/p>\n<p>For emission measurement, the measurement program is entered into the system of the Ministry of Environment, Urbanization and Climate Change. The system gives a date 5 days at the earliest. Various information and documents are required for reporting after the measurement.<\/p>\n<p>The reports of laboratories authorized by the Ministry of Environment, Urbanization and Climate Change regarding emission or flue gas measurement and analysis are valid. Launched in 2019, MELBES collects requests for flue gas measurement. MELBES assigns the requests to authorized laboratories. AEM Laboratory can be contacted for out-of-scope flue gas measurements for control purposes. If flue gas measurement is to be performed within the scope of environmental legislation, an application should be made to MELBES.<\/p>\n<p>AEM Laboratory is an organization authorized by the Ministry of Environment, Urbanization and Climate Change and accredited by T\u00fcrkak for emission or flue gas measurement and analysis with its expert staff, technical facilities and quality service.<\/p>\n<\/div><\/div><\/div><\/div><\/div><\/div><\/section>\n","protected":false},"excerpt":{"rendered":"Flue gas measurement, also known as emission measurement, is a measurement or sampling and analysis process usually carried out on the roofs of industrial facilities or independently rising chimneys. Emission confirmation measurements must be repeated at the environmental permit stage and then routinely every 2 years. Flue gas measurement within the scope of the Regulation...","protected":false},"author":1,"featured_media":8072,"parent":7881,"menu_order":0,"comment_status":"closed","ping_status":"closed","template":"","meta":{"_acf_changed":false,"footnotes":""},"class_list":["post-7897","page","type-page","status-publish","has-post-thumbnail","hentry"],"acf":[],"yoast_head":"<!-- This site is optimized with the Yoast SEO plugin v25.2 - https:\/\/yoast.com\/wordpress\/plugins\/seo\/ -->\n<title>Flue Gas Measurement - AEM Laboratuvar\u0131<\/title>\n<meta name=\"robots\" content=\"index, follow, max-snippet:-1, max-image-preview:large, max-video-preview:-1\" \/>\n<link rel=\"canonical\" href=\"https:\/\/www.aem.com.tr\/en\/services\/environmental-laboratory\/flue-gas-measurement\/\" \/>\n<meta property=\"og:locale\" content=\"en_US\" \/>\n<meta property=\"og:type\" content=\"article\" \/>\n<meta property=\"og:title\" content=\"Flue Gas Measurement - AEM Laboratuvar\u0131\" \/>\n<meta property=\"og:url\" content=\"https:\/\/www.aem.com.tr\/en\/services\/environmental-laboratory\/flue-gas-measurement\/\" \/>\n<meta property=\"og:site_name\" content=\"AEM Laboratory\" \/>\n<meta property=\"article:modified_time\" content=\"2024-01-03T11:23:09+00:00\" \/>\n<meta property=\"og:image\" content=\"https:\/\/www.aem.com.tr\/en\/wp-content\/uploads\/2021\/07\/baca-gazi-olcumu-2.jpg\" \/>\n\t<meta property=\"og:image:width\" content=\"2000\" \/>\n\t<meta property=\"og:image:height\" content=\"1330\" \/>\n\t<meta property=\"og:image:type\" content=\"image\/jpeg\" \/>\n<meta name=\"twitter:card\" content=\"summary_large_image\" \/>\n<meta name=\"twitter:label1\" content=\"Est. reading time\" \/>\n\t<meta name=\"twitter:data1\" content=\"2 minutes\" \/>\n<script type=\"application\/ld+json\" class=\"yoast-schema-graph\">{\"@context\":\"https:\/\/schema.org\",\"@graph\":[{\"@type\":\"WebPage\",\"@id\":\"https:\/\/www.aem.com.tr\/en\/services\/environmental-laboratory\/flue-gas-measurement\/\",\"url\":\"https:\/\/www.aem.com.tr\/en\/services\/environmental-laboratory\/flue-gas-measurement\/\",\"name\":\"Flue Gas Measurement - AEM Laboratuvar\u0131\",\"isPartOf\":{\"@id\":\"https:\/\/www.aem.com.tr\/en\/#website\"},\"primaryImageOfPage\":{\"@id\":\"https:\/\/www.aem.com.tr\/en\/services\/environmental-laboratory\/flue-gas-measurement\/#primaryimage\"},\"image\":{\"@id\":\"https:\/\/www.aem.com.tr\/en\/services\/environmental-laboratory\/flue-gas-measurement\/#primaryimage\"},\"thumbnailUrl\":\"https:\/\/www.aem.com.tr\/en\/wp-content\/uploads\/2021\/07\/baca-gazi-olcumu-2.jpg\",\"datePublished\":\"2021-07-28T13:42:59+00:00\",\"dateModified\":\"2024-01-03T11:23:09+00:00\",\"breadcrumb\":{\"@id\":\"https:\/\/www.aem.com.tr\/en\/services\/environmental-laboratory\/flue-gas-measurement\/#breadcrumb\"},\"inLanguage\":\"en-US\",\"potentialAction\":[{\"@type\":\"ReadAction\",\"target\":[\"https:\/\/www.aem.com.tr\/en\/services\/environmental-laboratory\/flue-gas-measurement\/\"]}]},{\"@type\":\"ImageObject\",\"inLanguage\":\"en-US\",\"@id\":\"https:\/\/www.aem.com.tr\/en\/services\/environmental-laboratory\/flue-gas-measurement\/#primaryimage\",\"url\":\"https:\/\/www.aem.com.tr\/en\/wp-content\/uploads\/2021\/07\/baca-gazi-olcumu-2.jpg\",\"contentUrl\":\"https:\/\/www.aem.com.tr\/en\/wp-content\/uploads\/2021\/07\/baca-gazi-olcumu-2.jpg\",\"width\":2000,\"height\":1330,\"caption\":\"Baca Gaz\u0131 \u00d6l\u00e7\u00fcm\u00fc\"},{\"@type\":\"BreadcrumbList\",\"@id\":\"https:\/\/www.aem.com.tr\/en\/services\/environmental-laboratory\/flue-gas-measurement\/#breadcrumb\",\"itemListElement\":[{\"@type\":\"ListItem\",\"position\":1,\"name\":\"Home\",\"item\":\"https:\/\/www.aem.com.tr\/en\/\"},{\"@type\":\"ListItem\",\"position\":2,\"name\":\"Services\",\"item\":\"https:\/\/www.aem.com.tr\/en\/services\/\"},{\"@type\":\"ListItem\",\"position\":3,\"name\":\"Environmental Laboratory\",\"item\":\"https:\/\/www.aem.com.tr\/en\/services\/environmental-laboratory\/\"},{\"@type\":\"ListItem\",\"position\":4,\"name\":\"Flue Gas Measurement\"}]},{\"@type\":\"WebSite\",\"@id\":\"https:\/\/www.aem.com.tr\/en\/#website\",\"url\":\"https:\/\/www.aem.com.tr\/en\/\",\"name\":\"AEM Laboratory\",\"description\":\"\",\"publisher\":{\"@id\":\"https:\/\/www.aem.com.tr\/en\/#organization\"},\"potentialAction\":[{\"@type\":\"SearchAction\",\"target\":{\"@type\":\"EntryPoint\",\"urlTemplate\":\"https:\/\/www.aem.com.tr\/en\/?s={search_term_string}\"},\"query-input\":{\"@type\":\"PropertyValueSpecification\",\"valueRequired\":true,\"valueName\":\"search_term_string\"}}],\"inLanguage\":\"en-US\"},{\"@type\":\"Organization\",\"@id\":\"https:\/\/www.aem.com.tr\/en\/#organization\",\"name\":\"AEM Laboratory\",\"url\":\"https:\/\/www.aem.com.tr\/en\/\",\"logo\":{\"@type\":\"ImageObject\",\"inLanguage\":\"en-US\",\"@id\":\"https:\/\/www.aem.com.tr\/en\/#\/schema\/logo\/image\/\",\"url\":\"https:\/\/www.aem.com.tr\/en\/wp-content\/uploads\/2023\/10\/placeholder.webp\",\"contentUrl\":\"https:\/\/www.aem.com.tr\/en\/wp-content\/uploads\/2023\/10\/placeholder.webp\",\"width\":1200,\"height\":900,\"caption\":\"AEM Laboratory\"},\"image\":{\"@id\":\"https:\/\/www.aem.com.tr\/en\/#\/schema\/logo\/image\/\"}}]}<\/script>\n<!-- \/ Yoast SEO plugin. -->","yoast_head_json":{"title":"Flue Gas Measurement - AEM Laboratuvar\u0131","robots":{"index":"index","follow":"follow","max-snippet":"max-snippet:-1","max-image-preview":"max-image-preview:large","max-video-preview":"max-video-preview:-1"},"canonical":"https:\/\/www.aem.com.tr\/en\/services\/environmental-laboratory\/flue-gas-measurement\/","og_locale":"en_US","og_type":"article","og_title":"Flue Gas Measurement - AEM Laboratuvar\u0131","og_url":"https:\/\/www.aem.com.tr\/en\/services\/environmental-laboratory\/flue-gas-measurement\/","og_site_name":"AEM Laboratory","article_modified_time":"2024-01-03T11:23:09+00:00","og_image":[{"width":2000,"height":1330,"url":"https:\/\/www.aem.com.tr\/en\/wp-content\/uploads\/2021\/07\/baca-gazi-olcumu-2.jpg","type":"image\/jpeg"}],"twitter_card":"summary_large_image","twitter_misc":{"Est. reading time":"2 minutes"},"schema":{"@context":"https:\/\/schema.org","@graph":[{"@type":"WebPage","@id":"https:\/\/www.aem.com.tr\/en\/services\/environmental-laboratory\/flue-gas-measurement\/","url":"https:\/\/www.aem.com.tr\/en\/services\/environmental-laboratory\/flue-gas-measurement\/","name":"Flue Gas Measurement - AEM Laboratuvar\u0131","isPartOf":{"@id":"https:\/\/www.aem.com.tr\/en\/#website"},"primaryImageOfPage":{"@id":"https:\/\/www.aem.com.tr\/en\/services\/environmental-laboratory\/flue-gas-measurement\/#primaryimage"},"image":{"@id":"https:\/\/www.aem.com.tr\/en\/services\/environmental-laboratory\/flue-gas-measurement\/#primaryimage"},"thumbnailUrl":"https:\/\/www.aem.com.tr\/en\/wp-content\/uploads\/2021\/07\/baca-gazi-olcumu-2.jpg","datePublished":"2021-07-28T13:42:59+00:00","dateModified":"2024-01-03T11:23:09+00:00","breadcrumb":{"@id":"https:\/\/www.aem.com.tr\/en\/services\/environmental-laboratory\/flue-gas-measurement\/#breadcrumb"},"inLanguage":"en-US","potentialAction":[{"@type":"ReadAction","target":["https:\/\/www.aem.com.tr\/en\/services\/environmental-laboratory\/flue-gas-measurement\/"]}]},{"@type":"ImageObject","inLanguage":"en-US","@id":"https:\/\/www.aem.com.tr\/en\/services\/environmental-laboratory\/flue-gas-measurement\/#primaryimage","url":"https:\/\/www.aem.com.tr\/en\/wp-content\/uploads\/2021\/07\/baca-gazi-olcumu-2.jpg","contentUrl":"https:\/\/www.aem.com.tr\/en\/wp-content\/uploads\/2021\/07\/baca-gazi-olcumu-2.jpg","width":2000,"height":1330,"caption":"Baca Gaz\u0131 \u00d6l\u00e7\u00fcm\u00fc"},{"@type":"BreadcrumbList","@id":"https:\/\/www.aem.com.tr\/en\/services\/environmental-laboratory\/flue-gas-measurement\/#breadcrumb","itemListElement":[{"@type":"ListItem","position":1,"name":"Home","item":"https:\/\/www.aem.com.tr\/en\/"},{"@type":"ListItem","position":2,"name":"Services","item":"https:\/\/www.aem.com.tr\/en\/services\/"},{"@type":"ListItem","position":3,"name":"Environmental Laboratory","item":"https:\/\/www.aem.com.tr\/en\/services\/environmental-laboratory\/"},{"@type":"ListItem","position":4,"name":"Flue Gas Measurement"}]},{"@type":"WebSite","@id":"https:\/\/www.aem.com.tr\/en\/#website","url":"https:\/\/www.aem.com.tr\/en\/","name":"AEM Laboratory","description":"","publisher":{"@id":"https:\/\/www.aem.com.tr\/en\/#organization"},"potentialAction":[{"@type":"SearchAction","target":{"@type":"EntryPoint","urlTemplate":"https:\/\/www.aem.com.tr\/en\/?s={search_term_string}"},"query-input":{"@type":"PropertyValueSpecification","valueRequired":true,"valueName":"search_term_string"}}],"inLanguage":"en-US"},{"@type":"Organization","@id":"https:\/\/www.aem.com.tr\/en\/#organization","name":"AEM Laboratory","url":"https:\/\/www.aem.com.tr\/en\/","logo":{"@type":"ImageObject","inLanguage":"en-US","@id":"https:\/\/www.aem.com.tr\/en\/#\/schema\/logo\/image\/","url":"https:\/\/www.aem.com.tr\/en\/wp-content\/uploads\/2023\/10\/placeholder.webp","contentUrl":"https:\/\/www.aem.com.tr\/en\/wp-content\/uploads\/2023\/10\/placeholder.webp","width":1200,"height":900,"caption":"AEM Laboratory"},"image":{"@id":"https:\/\/www.aem.com.tr\/en\/#\/schema\/logo\/image\/"}}]}},"_links":{"self":[{"href":"https:\/\/www.aem.com.tr\/en\/wp-json\/wp\/v2\/pages\/7897","targetHints":{"allow":["GET"]}}],"collection":[{"href":"https:\/\/www.aem.com.tr\/en\/wp-json\/wp\/v2\/pages"}],"about":[{"href":"https:\/\/www.aem.com.tr\/en\/wp-json\/wp\/v2\/types\/page"}],"author":[{"embeddable":true,"href":"https:\/\/www.aem.com.tr\/en\/wp-json\/wp\/v2\/users\/1"}],"replies":[{"embeddable":true,"href":"https:\/\/www.aem.com.tr\/en\/wp-json\/wp\/v2\/comments?post=7897"}],"version-history":[{"count":3,"href":"https:\/\/www.aem.com.tr\/en\/wp-json\/wp\/v2\/pages\/7897\/revisions"}],"predecessor-version":[{"id":10332,"href":"https:\/\/www.aem.com.tr\/en\/wp-json\/wp\/v2\/pages\/7897\/revisions\/10332"}],"up":[{"embeddable":true,"href":"https:\/\/www.aem.com.tr\/en\/wp-json\/wp\/v2\/pages\/7881"}],"wp:featuredmedia":[{"embeddable":true,"href":"https:\/\/www.aem.com.tr\/en\/wp-json\/wp\/v2\/media\/8072"}],"wp:attachment":[{"href":"https:\/\/www.aem.com.tr\/en\/wp-json\/wp\/v2\/media?parent=7897"}],"curies":[{"name":"wp","href":"https:\/\/api.w.org\/{rel}","templated":true}]}}