{"id":7828,"date":"2021-07-28T10:30:41","date_gmt":"2021-07-28T07:30:41","guid":{"rendered":"https:\/\/www.aem.com.tr\/?page_id=7828"},"modified":"2024-01-03T11:49:11","modified_gmt":"2024-01-03T08:49:11","slug":"contact","status":"publish","type":"page","link":"https:\/\/www.aem.com.tr\/en\/contact\/","title":{"rendered":"Contact Us"},"content":{"rendered":"<section class=\"l-section wpb_row height_custom\"><div class=\"l-section-h i-cf\"><div class=\"g-cols vc_row via_grid cols_1 laptops-cols_inherit tablets-cols_inherit mobiles-cols_1 valign_top type_default stacking_default\" style=\"--gap:calc(3rem + 10px);\"><div class=\"wpb_column vc_column_container\"><div class=\"vc_column-inner\"><div class=\"g-cols wpb_row via_grid cols_3-2 laptops-cols_inherit tablets-cols_inherit mobiles-cols_1 valign_top type_default stacking_default\" style=\"--gap:3rem;\"><div class=\"wpb_column vc_column_container\"><div class=\"vc_column-inner\"><div class=\"wpb_text_column\"><div class=\"wpb_wrapper\"><h3>Contact Us<\/h3>\n<\/div><\/div><div class=\"w-separator size_custom with_line width_default thick_1 style_solid color_border align_center\" style=\"height:50px\"><div class=\"w-separator-h\"><\/div><\/div><div class=\"w-iconbox iconpos_left style_circle color_primary align_left\"><a href=\"mailto:bilgi@aem.com.tr\" class=\"w-iconbox-link\" aria-label=\"Email\"><div class=\"w-iconbox-icon\" style=\"font-size:20px;\"><i class=\"far fa-envelope\"><\/i><\/div><\/a><div class=\"w-iconbox-meta\"><a href=\"mailto:bilgi@aem.com.tr\" class=\"w-iconbox-link\" aria-label=\"Email\"><h6 class=\"w-iconbox-title\">Email<\/h6><\/a><div class=\"w-iconbox-text\"><p>bilgi@aem.com.tr<\/p>\n<\/div><\/div><\/div><div class=\"w-separator size_small\"><\/div><div class=\"w-iconbox iconpos_left style_circle color_primary align_left\"><a href=\"tel:+902164596110\" class=\"w-iconbox-link\" aria-label=\"Phone\"><div class=\"w-iconbox-icon\" style=\"font-size:20px;\"><i class=\"far fa-phone\"><\/i><\/div><\/a><div class=\"w-iconbox-meta\"><a href=\"tel:+902164596110\" class=\"w-iconbox-link\" aria-label=\"Phone\"><h6 class=\"w-iconbox-title\">Phone<\/h6><\/a><div class=\"w-iconbox-text\"><p>+90 (216) 459 61 10<\/p>\n<\/div><\/div><\/div><div class=\"w-separator size_small\"><\/div><div class=\"w-iconbox iconpos_left style_circle color_primary align_left\"><div class=\"w-iconbox-icon\" style=\"font-size:20px;\"><i class=\"far fa-fax\"><\/i><\/div><div class=\"w-iconbox-meta\"><h6 class=\"w-iconbox-title\">Fax<\/h6><div class=\"w-iconbox-text\"><p>+90 (216) 441 4050<\/p>\n<\/div><\/div><\/div><div class=\"w-separator size_small\"><\/div><div class=\"w-iconbox iconpos_left style_circle color_primary align_left\"><a target=\"_blank\" rel=\"nofollow\" href=\"https:\/\/goo.gl\/maps\/n8xTqPLXtUpwGCTg9\" class=\"w-iconbox-link\" aria-label=\"Address\"><div class=\"w-iconbox-icon\" style=\"font-size:20px;\"><i class=\"far fa-map-marker-alt\"><\/i><\/div><\/a><div class=\"w-iconbox-meta\"><a target=\"_blank\" rel=\"nofollow\" href=\"https:\/\/goo.gl\/maps\/n8xTqPLXtUpwGCTg9\" class=\"w-iconbox-link\" aria-label=\"Address\"><h6 class=\"w-iconbox-title\">Address<\/h6><\/a><div class=\"w-iconbox-text\"><p>Baglarbasi Ave. Feyzullah St. No: 119 Maltepe \/ ISTANBUL<\/p>\n<\/div><\/div><\/div><div class=\"w-separator size_custom with_line width_default thick_1 style_solid color_border align_center\" style=\"height:50px\"><div class=\"w-separator-h\"><\/div><\/div><div class=\"w-hwrapper valign_top align_none\"><div class=\"w-btn-wrapper align_none\"><a class=\"w-btn us-btn-style_1 us_custom_1e0e9307 icon_atleft\" href=\"https:\/\/www.aem.com.tr\/en\/survey-form\/\"><i class=\"fas fa-ballot-check\"><\/i><span class=\"w-btn-label\">Survey Form<\/span><\/a><\/div><div class=\"w-btn-wrapper align_none\"><a class=\"w-btn us-btn-style_1 us_custom_1e0e9307 icon_atleft\" href=\"https:\/\/www.aem.com.tr\/complaint-form\/\"><i class=\"fas fa-ballot-check\"><\/i><span class=\"w-btn-label\">Complaint Form<\/span><\/a><\/div><\/div><\/div><\/div><div class=\"wpb_column vc_column_container\"><div class=\"vc_column-inner\"><div class=\"wpb_text_column\"><div class=\"wpb_wrapper\"><h3>Location<\/h3>\n<\/div><\/div><div class=\"w-separator size_custom with_line width_default thick_1 style_solid color_border align_center\" style=\"height:50px\"><div class=\"w-separator-h\"><\/div><\/div><div class=\"wpb_text_column\"><div class=\"wpb_wrapper\"><p><iframe loading=\"lazy\" style=\"border: 0;\" src=\"https:\/\/www.google.com\/maps\/embed?pb=!1m14!1m8!1m3!1d12057.331301344648!2d29.143722!3d40.9303723!3m2!1i1024!2i768!4f13.1!3m3!1m2!1s0x0%3A0x531a836681be718b!2sAEM%20Laboratuvar%C4%B1!5e0!3m2!1str!2str!4v1627455475048!5m2!1str!2str\" width=\"100%\" height=\"420\" allowfullscreen=\"allowfullscreen\"><\/iframe><\/p>\n<\/div><\/div><\/div><\/div><\/div><\/div><\/div><\/div><\/div><\/section>\n","protected":false},"excerpt":{"rendered":"Contact Us Emailbilgi@aem.com.tr Phone+90 (216) 459 61 10 Fax+90 (216) 441 4050 AddressBaglarbasi Ave. Feyzullah St. No: 119 Maltepe \/ ISTANBUL Survey FormComplaint FormLocation","protected":false},"author":1,"featured_media":8035,"parent":0,"menu_order":0,"comment_status":"closed","ping_status":"closed","template":"","meta":{"_acf_changed":false,"footnotes":""},"class_list":["post-7828","page","type-page","status-publish","has-post-thumbnail","hentry"],"acf":[],"yoast_head":"<!-- This site is optimized with the Yoast SEO plugin v25.2 - https:\/\/yoast.com\/wordpress\/plugins\/seo\/ -->\n<title>Contact Us - AEM Laboratuvar\u0131<\/title>\n<meta name=\"description\" content=\"AEM \u00c7evre Laboratuar\u0131 Analiz Tic. A. \u015e. | Ba\u011flarba\u015f\u0131 Mah. Feyzullah Cad. No: 119 Maltepe, \u0130STANBUL | bilgi@aem.com.tr\" \/>\n<meta name=\"robots\" content=\"index, follow, max-snippet:-1, max-image-preview:large, max-video-preview:-1\" \/>\n<link rel=\"canonical\" href=\"https:\/\/www.aem.com.tr\/en\/contact\/\" \/>\n<meta property=\"og:locale\" content=\"en_US\" \/>\n<meta property=\"og:type\" content=\"article\" \/>\n<meta property=\"og:title\" content=\"Contact Us - AEM Laboratuvar\u0131\" \/>\n<meta property=\"og:description\" content=\"AEM \u00c7evre Laboratuar\u0131 Analiz Tic. A. \u015e. | Ba\u011flarba\u015f\u0131 Mah. Feyzullah Cad. No: 119 Maltepe, \u0130STANBUL | bilgi@aem.com.tr\" \/>\n<meta property=\"og:url\" content=\"https:\/\/www.aem.com.tr\/en\/contact\/\" \/>\n<meta property=\"og:site_name\" content=\"AEM Laboratory\" \/>\n<meta property=\"article:modified_time\" content=\"2024-01-03T08:49:11+00:00\" \/>\n<meta property=\"og:image\" content=\"https:\/\/www.aem.com.tr\/en\/wp-content\/uploads\/2021\/07\/Aem-Banner-Bg-2.jpg\" \/>\n\t<meta property=\"og:image:width\" content=\"1000\" \/>\n\t<meta property=\"og:image:height\" content=\"521\" \/>\n\t<meta property=\"og:image:type\" content=\"image\/jpeg\" \/>\n<meta name=\"twitter:card\" content=\"summary_large_image\" \/>\n<meta name=\"twitter:label1\" content=\"Est. reading time\" \/>\n\t<meta name=\"twitter:data1\" content=\"1 minute\" \/>\n<script type=\"application\/ld+json\" class=\"yoast-schema-graph\">{\"@context\":\"https:\/\/schema.org\",\"@graph\":[{\"@type\":\"WebPage\",\"@id\":\"https:\/\/www.aem.com.tr\/en\/contact\/\",\"url\":\"https:\/\/www.aem.com.tr\/en\/contact\/\",\"name\":\"Contact Us - AEM Laboratuvar\u0131\",\"isPartOf\":{\"@id\":\"https:\/\/www.aem.com.tr\/en\/#website\"},\"primaryImageOfPage\":{\"@id\":\"https:\/\/www.aem.com.tr\/en\/contact\/#primaryimage\"},\"image\":{\"@id\":\"https:\/\/www.aem.com.tr\/en\/contact\/#primaryimage\"},\"thumbnailUrl\":\"https:\/\/www.aem.com.tr\/en\/wp-content\/uploads\/2021\/07\/Aem-Banner-Bg-2.jpg\",\"datePublished\":\"2021-07-28T07:30:41+00:00\",\"dateModified\":\"2024-01-03T08:49:11+00:00\",\"description\":\"AEM \u00c7evre Laboratuar\u0131 Analiz Tic. A. \u015e. | Ba\u011flarba\u015f\u0131 Mah. Feyzullah Cad. No: 119 Maltepe, \u0130STANBUL | bilgi@aem.com.tr\",\"breadcrumb\":{\"@id\":\"https:\/\/www.aem.com.tr\/en\/contact\/#breadcrumb\"},\"inLanguage\":\"en-US\",\"potentialAction\":[{\"@type\":\"ReadAction\",\"target\":[\"https:\/\/www.aem.com.tr\/en\/contact\/\"]}]},{\"@type\":\"ImageObject\",\"inLanguage\":\"en-US\",\"@id\":\"https:\/\/www.aem.com.tr\/en\/contact\/#primaryimage\",\"url\":\"https:\/\/www.aem.com.tr\/en\/wp-content\/uploads\/2021\/07\/Aem-Banner-Bg-2.jpg\",\"contentUrl\":\"https:\/\/www.aem.com.tr\/en\/wp-content\/uploads\/2021\/07\/Aem-Banner-Bg-2.jpg\",\"width\":1000,\"height\":521},{\"@type\":\"BreadcrumbList\",\"@id\":\"https:\/\/www.aem.com.tr\/en\/contact\/#breadcrumb\",\"itemListElement\":[{\"@type\":\"ListItem\",\"position\":1,\"name\":\"Home\",\"item\":\"https:\/\/www.aem.com.tr\/en\/\"},{\"@type\":\"ListItem\",\"position\":2,\"name\":\"Contact Us\"}]},{\"@type\":\"WebSite\",\"@id\":\"https:\/\/www.aem.com.tr\/en\/#website\",\"url\":\"https:\/\/www.aem.com.tr\/en\/\",\"name\":\"AEM Laboratory\",\"description\":\"\",\"publisher\":{\"@id\":\"https:\/\/www.aem.com.tr\/en\/#organization\"},\"potentialAction\":[{\"@type\":\"SearchAction\",\"target\":{\"@type\":\"EntryPoint\",\"urlTemplate\":\"https:\/\/www.aem.com.tr\/en\/?s={search_term_string}\"},\"query-input\":{\"@type\":\"PropertyValueSpecification\",\"valueRequired\":true,\"valueName\":\"search_term_string\"}}],\"inLanguage\":\"en-US\"},{\"@type\":\"Organization\",\"@id\":\"https:\/\/www.aem.com.tr\/en\/#organization\",\"name\":\"AEM Laboratory\",\"url\":\"https:\/\/www.aem.com.tr\/en\/\",\"logo\":{\"@type\":\"ImageObject\",\"inLanguage\":\"en-US\",\"@id\":\"https:\/\/www.aem.com.tr\/en\/#\/schema\/logo\/image\/\",\"url\":\"https:\/\/www.aem.com.tr\/en\/wp-content\/uploads\/2023\/10\/placeholder.webp\",\"contentUrl\":\"https:\/\/www.aem.com.tr\/en\/wp-content\/uploads\/2023\/10\/placeholder.webp\",\"width\":1200,\"height\":900,\"caption\":\"AEM Laboratory\"},\"image\":{\"@id\":\"https:\/\/www.aem.com.tr\/en\/#\/schema\/logo\/image\/\"}}]}<\/script>\n<!-- \/ Yoast SEO plugin. -->","yoast_head_json":{"title":"Contact Us - AEM Laboratuvar\u0131","description":"AEM \u00c7evre Laboratuar\u0131 Analiz Tic. A. \u015e. | Ba\u011flarba\u015f\u0131 Mah. Feyzullah Cad. No: 119 Maltepe, \u0130STANBUL | bilgi@aem.com.tr","robots":{"index":"index","follow":"follow","max-snippet":"max-snippet:-1","max-image-preview":"max-image-preview:large","max-video-preview":"max-video-preview:-1"},"canonical":"https:\/\/www.aem.com.tr\/en\/contact\/","og_locale":"en_US","og_type":"article","og_title":"Contact Us - AEM Laboratuvar\u0131","og_description":"AEM \u00c7evre Laboratuar\u0131 Analiz Tic. A. \u015e. | Ba\u011flarba\u015f\u0131 Mah. Feyzullah Cad. No: 119 Maltepe, \u0130STANBUL | bilgi@aem.com.tr","og_url":"https:\/\/www.aem.com.tr\/en\/contact\/","og_site_name":"AEM Laboratory","article_modified_time":"2024-01-03T08:49:11+00:00","og_image":[{"width":1000,"height":521,"url":"https:\/\/www.aem.com.tr\/en\/wp-content\/uploads\/2021\/07\/Aem-Banner-Bg-2.jpg","type":"image\/jpeg"}],"twitter_card":"summary_large_image","twitter_misc":{"Est. reading time":"1 minute"},"schema":{"@context":"https:\/\/schema.org","@graph":[{"@type":"WebPage","@id":"https:\/\/www.aem.com.tr\/en\/contact\/","url":"https:\/\/www.aem.com.tr\/en\/contact\/","name":"Contact Us - AEM Laboratuvar\u0131","isPartOf":{"@id":"https:\/\/www.aem.com.tr\/en\/#website"},"primaryImageOfPage":{"@id":"https:\/\/www.aem.com.tr\/en\/contact\/#primaryimage"},"image":{"@id":"https:\/\/www.aem.com.tr\/en\/contact\/#primaryimage"},"thumbnailUrl":"https:\/\/www.aem.com.tr\/en\/wp-content\/uploads\/2021\/07\/Aem-Banner-Bg-2.jpg","datePublished":"2021-07-28T07:30:41+00:00","dateModified":"2024-01-03T08:49:11+00:00","description":"AEM \u00c7evre Laboratuar\u0131 Analiz Tic. A. \u015e. | Ba\u011flarba\u015f\u0131 Mah. Feyzullah Cad. No: 119 Maltepe, \u0130STANBUL | bilgi@aem.com.tr","breadcrumb":{"@id":"https:\/\/www.aem.com.tr\/en\/contact\/#breadcrumb"},"inLanguage":"en-US","potentialAction":[{"@type":"ReadAction","target":["https:\/\/www.aem.com.tr\/en\/contact\/"]}]},{"@type":"ImageObject","inLanguage":"en-US","@id":"https:\/\/www.aem.com.tr\/en\/contact\/#primaryimage","url":"https:\/\/www.aem.com.tr\/en\/wp-content\/uploads\/2021\/07\/Aem-Banner-Bg-2.jpg","contentUrl":"https:\/\/www.aem.com.tr\/en\/wp-content\/uploads\/2021\/07\/Aem-Banner-Bg-2.jpg","width":1000,"height":521},{"@type":"BreadcrumbList","@id":"https:\/\/www.aem.com.tr\/en\/contact\/#breadcrumb","itemListElement":[{"@type":"ListItem","position":1,"name":"Home","item":"https:\/\/www.aem.com.tr\/en\/"},{"@type":"ListItem","position":2,"name":"Contact Us"}]},{"@type":"WebSite","@id":"https:\/\/www.aem.com.tr\/en\/#website","url":"https:\/\/www.aem.com.tr\/en\/","name":"AEM Laboratory","description":"","publisher":{"@id":"https:\/\/www.aem.com.tr\/en\/#organization"},"potentialAction":[{"@type":"SearchAction","target":{"@type":"EntryPoint","urlTemplate":"https:\/\/www.aem.com.tr\/en\/?s={search_term_string}"},"query-input":{"@type":"PropertyValueSpecification","valueRequired":true,"valueName":"search_term_string"}}],"inLanguage":"en-US"},{"@type":"Organization","@id":"https:\/\/www.aem.com.tr\/en\/#organization","name":"AEM Laboratory","url":"https:\/\/www.aem.com.tr\/en\/","logo":{"@type":"ImageObject","inLanguage":"en-US","@id":"https:\/\/www.aem.com.tr\/en\/#\/schema\/logo\/image\/","url":"https:\/\/www.aem.com.tr\/en\/wp-content\/uploads\/2023\/10\/placeholder.webp","contentUrl":"https:\/\/www.aem.com.tr\/en\/wp-content\/uploads\/2023\/10\/placeholder.webp","width":1200,"height":900,"caption":"AEM Laboratory"},"image":{"@id":"https:\/\/www.aem.com.tr\/en\/#\/schema\/logo\/image\/"}}]}},"_links":{"self":[{"href":"https:\/\/www.aem.com.tr\/en\/wp-json\/wp\/v2\/pages\/7828","targetHints":{"allow":["GET"]}}],"collection":[{"href":"https:\/\/www.aem.com.tr\/en\/wp-json\/wp\/v2\/pages"}],"about":[{"href":"https:\/\/www.aem.com.tr\/en\/wp-json\/wp\/v2\/types\/page"}],"author":[{"embeddable":true,"href":"https:\/\/www.aem.com.tr\/en\/wp-json\/wp\/v2\/users\/1"}],"replies":[{"embeddable":true,"href":"https:\/\/www.aem.com.tr\/en\/wp-json\/wp\/v2\/comments?post=7828"}],"version-history":[{"count":3,"href":"https:\/\/www.aem.com.tr\/en\/wp-json\/wp\/v2\/pages\/7828\/revisions"}],"predecessor-version":[{"id":10286,"href":"https:\/\/www.aem.com.tr\/en\/wp-json\/wp\/v2\/pages\/7828\/revisions\/10286"}],"wp:featuredmedia":[{"embeddable":true,"href":"https:\/\/www.aem.com.tr\/en\/wp-json\/wp\/v2\/media\/8035"}],"wp:attachment":[{"href":"https:\/\/www.aem.com.tr\/en\/wp-json\/wp\/v2\/media?parent=7828"}],"curies":[{"name":"wp","href":"https:\/\/api.w.org\/{rel}","templated":true}]}}